{"id":8023,"date":"2023-10-02T11:22:25","date_gmt":"2023-10-02T11:22:25","guid":{"rendered":"https:\/\/hotellikaenpesa.fi\/company\/"},"modified":"2024-02-17T09:53:25","modified_gmt":"2024-02-17T09:53:25","slug":"company","status":"publish","type":"page","link":"https:\/\/hotellikaenpesa.fi\/en\/company\/","title":{"rendered":"Company"},"content":{"rendered":"<div data-colibri-id=\"8023-c1\" class=\"style-2274 style-local-8023-c1 position-relative\">\n  <!---->\n  <div data-colibri-component=\"section\" data-colibri-id=\"8023-c2\" id=\"about\" class=\"h-section h-section-global-spacing d-flex align-items-lg-center align-items-md-center align-items-center style-2279 style-local-8023-c2 position-relative\">\n    <!---->\n    <!---->\n    <div class=\"h-section-grid-container h-section-boxed-container\">\n      <!---->\n      <div data-colibri-id=\"8023-c3\" class=\"h-row-container gutters-row-lg-2 gutters-row-md-2 gutters-row-2 gutters-row-v-lg-2 gutters-row-v-md-2 gutters-row-v-2 style-2280 style-local-8023-c3 position-relative\">\n        <!---->\n        <div class=\"h-row justify-content-lg-center justify-content-md-center justify-content-center align-items-lg-stretch align-items-md-stretch align-items-stretch gutters-col-lg-2 gutters-col-md-2 gutters-col-2 gutters-col-v-lg-2 gutters-col-v-md-2 gutters-col-v-2\">\n          <!---->\n          <div class=\"h-column h-column-container d-flex h-col-lg-auto h-col-md-auto h-col-auto style-2281-outer style-local-8023-c4-outer\">\n            <div data-colibri-id=\"8023-c4\" class=\"d-flex h-flex-basis h-column__inner h-px-lg-2 h-px-md-2 h-px-2 v-inner-lg-2 v-inner-md-2 v-inner-2 style-2281 style-local-8023-c4 position-relative\">\n              <!---->\n              <!---->\n              <div class=\"w-100 h-y-container h-column__content h-column__v-align flex-basis-100 align-self-lg-center align-self-md-center align-self-center\">\n                <!---->\n                <div data-colibri-id=\"8023-c5\" class=\"h-global-transition-all h-heading style-2283 style-local-8023-c5 position-relative h-element\">\n                  <!---->\n                  <div class=\"h-heading__outer style-2283 style-local-8023-c5\">\n                    <!---->\n                    <!---->\n                    <h2 class=\"\">Company<\/h2>\n                  <\/div>\n                <\/div>\n                <div data-colibri-id=\"8023-c6\" class=\"h-lead h-text h-text-component style-2284 style-local-8023-c6 position-relative h-element\">\n                  <!---->\n                  <!---->\n                  <div class=\"\">\n                    <p>Hotelli K\u00e4enpes\u00e4 is located in Ylivieska. Its first part was constructed in 1979, consisting of 39 rooms, restaurant, and sauna facilities. In 1984, the hotel expanded with an additional 41 rooms and a training space. Later on, some\n                      rooms were transformed into Pub Kukkuu-Bar and private meeting spaces.<\/p>\n                    <p>Currently, the hotel has 73 rooms with a total of 150 beds. The venue, pub, private rooms, and sauna facilities together provide almost 400 seating places. The property has a total floor space of 2,922 square meters.<\/p>\n                    <p>Hotel operations at K\u00e4enpes\u00e4 began in 1979 under the management of Ylivieska Osuuskauppa. In 1984, SOK&#8217;s subsidiary Sokotel took over. The company owned by Hans and Maija Kauppila took over operations on September 1, 1990. On September\n                      1, 2007, the business was transferred to Antti Rantala and Esa Valli, and on January 1, 2018, solely to Esa Valli, who also owns Hotel Rantakalla in Kalajoki, Hotel Pohjankievari in Kempele, and Hotel Kajaani in collaboration with\n                      business partner Raija Eskola-Valli.<\/p>\n                  <\/div>\n                <\/div>\n              <\/div>\n            <\/div>\n          <\/div>\n          <div class=\"h-column h-column-container d-flex h-col-lg-auto h-col-md-auto h-col-auto style-2287-outer style-local-8023-c7-outer\">\n            <div data-colibri-id=\"8023-c7\" class=\"d-flex h-flex-basis h-column__inner h-px-lg-2 h-px-md-2 h-px-2 v-inner-lg-2 v-inner-md-2 v-inner-2 style-2287 style-local-8023-c7 position-relative\">\n              <!---->\n              <!---->\n              <div class=\"w-100 h-y-container h-column__content h-column__v-align flex-basis-100 align-self-lg-center align-self-md-center align-self-center\">\n                <!---->\n                <div data-colibri-id=\"8023-c8\" class=\"d-block style-2288 style-local-8023-c8 position-relative h-element\">\n                  <!---->\n                  <div class=\"h-image__frame-container-outer\">\n                    <div class=\"h-image__frame-container\">\n                      <!---->\n                      <!---->\n                      <img loading=\"lazy\" decoding=\"async\" width=\"1600\" height=\"1068\" src=\"https:\/\/hotellikaenpesa.fi\/wp-content\/uploads\/2023\/10\/Deluxesviitti2.jpg\" class=\"wp-image-8021 style-2288-image style-local-8023-c8-image\" alt=\"\" srcset=\"https:\/\/hotellikaenpesa.fi\/wp-content\/uploads\/2023\/10\/Deluxesviitti2.jpg 1600w, https:\/\/hotellikaenpesa.fi\/wp-content\/uploads\/2023\/10\/Deluxesviitti2-300x200.jpg 300w, https:\/\/hotellikaenpesa.fi\/wp-content\/uploads\/2023\/10\/Deluxesviitti2-1024x684.jpg 1024w, https:\/\/hotellikaenpesa.fi\/wp-content\/uploads\/2023\/10\/Deluxesviitti2-768x513.jpg 768w, https:\/\/hotellikaenpesa.fi\/wp-content\/uploads\/2023\/10\/Deluxesviitti2-1536x1025.jpg 1536w\" sizes=\"auto, (max-width: 1600px) 100vw, 1600px\" \/>\n                      <div class=\"h-image__frame h-hide-sm style-2288-frameImage style-local-8023-c8-frameImage\"><\/div>\n                    <\/div>\n                  <\/div>\n                <\/div>\n              <\/div>\n            <\/div>\n          <\/div>\n        <\/div>\n      <\/div>\n    <\/div>\n  <\/div>\n<\/div>","protected":false},"excerpt":{"rendered":"<p>Company Hotelli K\u00e4enpes\u00e4 is located in Ylivieska. Its first part was constructed in 1979, consisting of 39 rooms, restaurant, and sauna facilities. In 1984, the hotel expanded with an additional 41 rooms and a training space. Later on, some rooms were transformed into Pub Kukkuu-Bar and private meeting spaces. Currently, the hotel has 73 rooms [&hellip;]<\/p>\n","protected":false},"author":1,"featured_media":0,"parent":0,"menu_order":0,"comment_status":"closed","ping_status":"closed","template":"page-templates\/full-width-page.php","meta":{"footnotes":""},"class_list":["post-8023","page","type-page","status-publish","hentry"],"yoast_head":"<!-- This site is optimized with the Yoast SEO plugin v27.5 - https:\/\/yoast.com\/product\/yoast-seo-wordpress\/ -->\n<title>Company - Hotelli K\u00e4enpes\u00e4<\/title>\n<meta name=\"robots\" content=\"index, follow, max-snippet:-1, max-image-preview:large, max-video-preview:-1\" \/>\n<link rel=\"canonical\" href=\"https:\/\/hotellikaenpesa.fi\/en\/company\/\" \/>\n<meta property=\"og:locale\" content=\"en_US\" \/>\n<meta property=\"og:type\" content=\"article\" \/>\n<meta property=\"og:title\" content=\"Company - Hotelli K\u00e4enpes\u00e4\" \/>\n<meta property=\"og:description\" content=\"Company Hotelli K\u00e4enpes\u00e4 is located in Ylivieska. Its first part was constructed in 1979, consisting of 39 rooms, restaurant, and sauna facilities. In 1984, the hotel expanded with an additional 41 rooms and a training space. Later on, some rooms were transformed into Pub Kukkuu-Bar and private meeting spaces. Currently, the hotel has 73 rooms [&hellip;]\" \/>\n<meta property=\"og:url\" content=\"https:\/\/hotellikaenpesa.fi\/en\/company\/\" \/>\n<meta property=\"og:site_name\" content=\"Hotelli K\u00e4enpes\u00e4\" \/>\n<meta property=\"article:modified_time\" content=\"2024-02-17T09:53:25+00:00\" \/>\n<meta property=\"og:image\" content=\"https:\/\/hotellikaenpesa.fi\/wp-content\/uploads\/2023\/10\/Deluxesviitti2.jpg\" \/>\n<meta name=\"twitter:card\" content=\"summary_large_image\" \/>\n<meta name=\"twitter:label1\" content=\"Est. reading time\" \/>\n\t<meta name=\"twitter:data1\" content=\"1 minute\" \/>\n<script type=\"application\/ld+json\" class=\"yoast-schema-graph\">{\"@context\":\"https:\\\/\\\/schema.org\",\"@graph\":[{\"@type\":\"WebPage\",\"@id\":\"https:\\\/\\\/hotellikaenpesa.fi\\\/en\\\/company\\\/\",\"url\":\"https:\\\/\\\/hotellikaenpesa.fi\\\/en\\\/company\\\/\",\"name\":\"Company - Hotelli K\u00e4enpes\u00e4\",\"isPartOf\":{\"@id\":\"https:\\\/\\\/hotellikaenpesa.fi\\\/en\\\/#website\"},\"primaryImageOfPage\":{\"@id\":\"https:\\\/\\\/hotellikaenpesa.fi\\\/en\\\/company\\\/#primaryimage\"},\"image\":{\"@id\":\"https:\\\/\\\/hotellikaenpesa.fi\\\/en\\\/company\\\/#primaryimage\"},\"thumbnailUrl\":\"https:\\\/\\\/hotellikaenpesa.fi\\\/wp-content\\\/uploads\\\/2023\\\/10\\\/Deluxesviitti2.jpg\",\"datePublished\":\"2023-10-02T11:22:25+00:00\",\"dateModified\":\"2024-02-17T09:53:25+00:00\",\"breadcrumb\":{\"@id\":\"https:\\\/\\\/hotellikaenpesa.fi\\\/en\\\/company\\\/#breadcrumb\"},\"inLanguage\":\"en-US\",\"potentialAction\":[{\"@type\":\"ReadAction\",\"target\":[\"https:\\\/\\\/hotellikaenpesa.fi\\\/en\\\/company\\\/\"]}]},{\"@type\":\"ImageObject\",\"inLanguage\":\"en-US\",\"@id\":\"https:\\\/\\\/hotellikaenpesa.fi\\\/en\\\/company\\\/#primaryimage\",\"url\":\"https:\\\/\\\/hotellikaenpesa.fi\\\/wp-content\\\/uploads\\\/2023\\\/10\\\/Deluxesviitti2.jpg\",\"contentUrl\":\"https:\\\/\\\/hotellikaenpesa.fi\\\/wp-content\\\/uploads\\\/2023\\\/10\\\/Deluxesviitti2.jpg\"},{\"@type\":\"BreadcrumbList\",\"@id\":\"https:\\\/\\\/hotellikaenpesa.fi\\\/en\\\/company\\\/#breadcrumb\",\"itemListElement\":[{\"@type\":\"ListItem\",\"position\":1,\"name\":\"Etusivu\",\"item\":\"https:\\\/\\\/hotellikaenpesa.fi\\\/en\\\/\"},{\"@type\":\"ListItem\",\"position\":2,\"name\":\"Company\"}]},{\"@type\":\"WebSite\",\"@id\":\"https:\\\/\\\/hotellikaenpesa.fi\\\/en\\\/#website\",\"url\":\"https:\\\/\\\/hotellikaenpesa.fi\\\/en\\\/\",\"name\":\"Hotelli K\u00e4enpes\u00e4\",\"description\":\"Hotelli K\u00e4enpes\u00e4 on yksityinen perhehotelli Ylivieskassa. Meill\u00e4 voit majoittua, ruokailla tai j\u00e4rjest\u00e4\u00e4 kokouksia!\",\"publisher\":{\"@id\":\"https:\\\/\\\/hotellikaenpesa.fi\\\/en\\\/#organization\"},\"potentialAction\":[{\"@type\":\"SearchAction\",\"target\":{\"@type\":\"EntryPoint\",\"urlTemplate\":\"https:\\\/\\\/hotellikaenpesa.fi\\\/en\\\/?s={search_term_string}\"},\"query-input\":{\"@type\":\"PropertyValueSpecification\",\"valueRequired\":true,\"valueName\":\"search_term_string\"}}],\"inLanguage\":\"en-US\"},{\"@type\":\"Organization\",\"@id\":\"https:\\\/\\\/hotellikaenpesa.fi\\\/en\\\/#organization\",\"name\":\"Hotelli K\u00e4enpes\u00e4\",\"url\":\"https:\\\/\\\/hotellikaenpesa.fi\\\/en\\\/\",\"logo\":{\"@type\":\"ImageObject\",\"inLanguage\":\"en-US\",\"@id\":\"https:\\\/\\\/hotellikaenpesa.fi\\\/en\\\/#\\\/schema\\\/logo\\\/image\\\/\",\"url\":\"https:\\\/\\\/hotellikaenpesa.fi\\\/wp-content\\\/uploads\\\/2023\\\/09\\\/Hotelli-Kaenpesa-Loho-ylivieska.png\",\"contentUrl\":\"https:\\\/\\\/hotellikaenpesa.fi\\\/wp-content\\\/uploads\\\/2023\\\/09\\\/Hotelli-Kaenpesa-Loho-ylivieska.png\",\"width\":1200,\"height\":488,\"caption\":\"Hotelli K\u00e4enpes\u00e4\"},\"image\":{\"@id\":\"https:\\\/\\\/hotellikaenpesa.fi\\\/en\\\/#\\\/schema\\\/logo\\\/image\\\/\"}}]}<\/script>\n<!-- \/ Yoast SEO plugin. -->","yoast_head_json":{"title":"Company - Hotelli K\u00e4enpes\u00e4","robots":{"index":"index","follow":"follow","max-snippet":"max-snippet:-1","max-image-preview":"max-image-preview:large","max-video-preview":"max-video-preview:-1"},"canonical":"https:\/\/hotellikaenpesa.fi\/en\/company\/","og_locale":"en_US","og_type":"article","og_title":"Company - Hotelli K\u00e4enpes\u00e4","og_description":"Company Hotelli K\u00e4enpes\u00e4 is located in Ylivieska. Its first part was constructed in 1979, consisting of 39 rooms, restaurant, and sauna facilities. In 1984, the hotel expanded with an additional 41 rooms and a training space. Later on, some rooms were transformed into Pub Kukkuu-Bar and private meeting spaces. Currently, the hotel has 73 rooms [&hellip;]","og_url":"https:\/\/hotellikaenpesa.fi\/en\/company\/","og_site_name":"Hotelli K\u00e4enpes\u00e4","article_modified_time":"2024-02-17T09:53:25+00:00","og_image":[{"url":"https:\/\/hotellikaenpesa.fi\/wp-content\/uploads\/2023\/10\/Deluxesviitti2.jpg","type":"","width":"","height":""}],"twitter_card":"summary_large_image","twitter_misc":{"Est. reading time":"1 minute"},"schema":{"@context":"https:\/\/schema.org","@graph":[{"@type":"WebPage","@id":"https:\/\/hotellikaenpesa.fi\/en\/company\/","url":"https:\/\/hotellikaenpesa.fi\/en\/company\/","name":"Company - Hotelli K\u00e4enpes\u00e4","isPartOf":{"@id":"https:\/\/hotellikaenpesa.fi\/en\/#website"},"primaryImageOfPage":{"@id":"https:\/\/hotellikaenpesa.fi\/en\/company\/#primaryimage"},"image":{"@id":"https:\/\/hotellikaenpesa.fi\/en\/company\/#primaryimage"},"thumbnailUrl":"https:\/\/hotellikaenpesa.fi\/wp-content\/uploads\/2023\/10\/Deluxesviitti2.jpg","datePublished":"2023-10-02T11:22:25+00:00","dateModified":"2024-02-17T09:53:25+00:00","breadcrumb":{"@id":"https:\/\/hotellikaenpesa.fi\/en\/company\/#breadcrumb"},"inLanguage":"en-US","potentialAction":[{"@type":"ReadAction","target":["https:\/\/hotellikaenpesa.fi\/en\/company\/"]}]},{"@type":"ImageObject","inLanguage":"en-US","@id":"https:\/\/hotellikaenpesa.fi\/en\/company\/#primaryimage","url":"https:\/\/hotellikaenpesa.fi\/wp-content\/uploads\/2023\/10\/Deluxesviitti2.jpg","contentUrl":"https:\/\/hotellikaenpesa.fi\/wp-content\/uploads\/2023\/10\/Deluxesviitti2.jpg"},{"@type":"BreadcrumbList","@id":"https:\/\/hotellikaenpesa.fi\/en\/company\/#breadcrumb","itemListElement":[{"@type":"ListItem","position":1,"name":"Etusivu","item":"https:\/\/hotellikaenpesa.fi\/en\/"},{"@type":"ListItem","position":2,"name":"Company"}]},{"@type":"WebSite","@id":"https:\/\/hotellikaenpesa.fi\/en\/#website","url":"https:\/\/hotellikaenpesa.fi\/en\/","name":"Hotelli K\u00e4enpes\u00e4","description":"Hotelli K\u00e4enpes\u00e4 on yksityinen perhehotelli Ylivieskassa. Meill\u00e4 voit majoittua, ruokailla tai j\u00e4rjest\u00e4\u00e4 kokouksia!","publisher":{"@id":"https:\/\/hotellikaenpesa.fi\/en\/#organization"},"potentialAction":[{"@type":"SearchAction","target":{"@type":"EntryPoint","urlTemplate":"https:\/\/hotellikaenpesa.fi\/en\/?s={search_term_string}"},"query-input":{"@type":"PropertyValueSpecification","valueRequired":true,"valueName":"search_term_string"}}],"inLanguage":"en-US"},{"@type":"Organization","@id":"https:\/\/hotellikaenpesa.fi\/en\/#organization","name":"Hotelli K\u00e4enpes\u00e4","url":"https:\/\/hotellikaenpesa.fi\/en\/","logo":{"@type":"ImageObject","inLanguage":"en-US","@id":"https:\/\/hotellikaenpesa.fi\/en\/#\/schema\/logo\/image\/","url":"https:\/\/hotellikaenpesa.fi\/wp-content\/uploads\/2023\/09\/Hotelli-Kaenpesa-Loho-ylivieska.png","contentUrl":"https:\/\/hotellikaenpesa.fi\/wp-content\/uploads\/2023\/09\/Hotelli-Kaenpesa-Loho-ylivieska.png","width":1200,"height":488,"caption":"Hotelli K\u00e4enpes\u00e4"},"image":{"@id":"https:\/\/hotellikaenpesa.fi\/en\/#\/schema\/logo\/image\/"}}]}},"_links":{"self":[{"href":"https:\/\/hotellikaenpesa.fi\/en\/wp-json\/wp\/v2\/pages\/8023","targetHints":{"allow":["GET"]}}],"collection":[{"href":"https:\/\/hotellikaenpesa.fi\/en\/wp-json\/wp\/v2\/pages"}],"about":[{"href":"https:\/\/hotellikaenpesa.fi\/en\/wp-json\/wp\/v2\/types\/page"}],"author":[{"embeddable":true,"href":"https:\/\/hotellikaenpesa.fi\/en\/wp-json\/wp\/v2\/users\/1"}],"replies":[{"embeddable":true,"href":"https:\/\/hotellikaenpesa.fi\/en\/wp-json\/wp\/v2\/comments?post=8023"}],"version-history":[{"count":4,"href":"https:\/\/hotellikaenpesa.fi\/en\/wp-json\/wp\/v2\/pages\/8023\/revisions"}],"predecessor-version":[{"id":14860,"href":"https:\/\/hotellikaenpesa.fi\/en\/wp-json\/wp\/v2\/pages\/8023\/revisions\/14860"}],"wp:attachment":[{"href":"https:\/\/hotellikaenpesa.fi\/en\/wp-json\/wp\/v2\/media?parent=8023"}],"curies":[{"name":"wp","href":"https:\/\/api.w.org\/{rel}","templated":true}]}}