{"id":8025,"date":"2023-03-14T13:50:28","date_gmt":"2023-03-14T13:50:28","guid":{"rendered":"https:\/\/hotellikaenpesa.fi\/meetings\/"},"modified":"2024-02-17T09:48:26","modified_gmt":"2024-02-17T09:48:26","slug":"meetings","status":"publish","type":"page","link":"https:\/\/hotellikaenpesa.fi\/en\/meetings\/","title":{"rendered":"Meetings"},"content":{"rendered":"<div data-colibri-id=\"8025-c1\" class=\"style-2171 style-local-8025-c1 position-relative\">\n  <!---->\n  <div data-colibri-component=\"section\" data-colibri-id=\"8025-c2\" id=\"about\" class=\"h-section h-section-global-spacing d-flex align-items-lg-center align-items-md-center align-items-center style-2176 style-local-8025-c2 position-relative\">\n    <!---->\n    <!---->\n    <div class=\"h-section-grid-container h-section-boxed-container\">\n      <!---->\n      <div data-colibri-id=\"8025-c3\" class=\"h-row-container gutters-row-lg-2 gutters-row-md-2 gutters-row-2 gutters-row-v-lg-2 gutters-row-v-md-2 gutters-row-v-2 style-2177 style-local-8025-c3 position-relative\">\n        <!---->\n        <div class=\"h-row justify-content-lg-center justify-content-md-center justify-content-center align-items-lg-stretch align-items-md-stretch align-items-stretch gutters-col-lg-2 gutters-col-md-2 gutters-col-2 gutters-col-v-lg-2 gutters-col-v-md-2 gutters-col-v-2\">\n          <!---->\n          <div class=\"h-column h-column-container d-flex h-col-lg-auto h-col-md-auto h-col-auto style-2178-outer style-local-8025-c4-outer\">\n            <div data-colibri-id=\"8025-c4\" class=\"d-flex h-flex-basis h-column__inner h-px-lg-2 h-px-md-2 h-px-2 v-inner-lg-2 v-inner-md-2 v-inner-2 style-2178 style-local-8025-c4 position-relative\">\n              <!---->\n              <!---->\n              <div class=\"w-100 h-y-container h-column__content h-column__v-align flex-basis-100 align-self-lg-center align-self-md-center align-self-center\">\n                <!---->\n                <div data-colibri-id=\"8025-c5\" class=\"h-global-transition-all h-heading style-2180 style-local-8025-c5 position-relative h-element\">\n                  <!---->\n                  <div class=\"h-heading__outer style-2180 style-local-8025-c5\">\n                    <!---->\n                    <!---->\n                    <h2 class=\"\">Meetings<\/h2>\n                  <\/div>\n                <\/div>\n                <div data-colibri-id=\"8025-c6\" class=\"h-text h-text-component style-2181 style-local-8025-c6 position-relative h-element\">\n                  <!---->\n                  <!---->\n                  <div class=\"\">\n                    <p>For more information about our meetings, please contact us at\n                      <a href=\"mailto:ravintola@pikkuveli.fi\">ravintola@pikkuveli.fi<\/a> or call\n                      <a href=\"tel:+358103233562\">010-323 3562<\/a>.<\/p>\n                    <p>In Pikkuveli&#8217;s meeting facilities, you can hold not only meetings but also parties, award ceremonies, fun masquerade statue contests, or staring contests. Whether you are a group of 1 or 150, we have suitable facilities. We arrange\n                      for staff on-site and provide delicious catering. Meeting technology and sound equipment are also available<\/p>\n                  <\/div>\n                <\/div>\n              <\/div>\n            <\/div>\n          <\/div>\n          <div class=\"h-column h-column-container d-flex h-col-lg-auto h-col-md-auto h-col-auto style-2184-outer style-local-8025-c7-outer\">\n            <div data-colibri-id=\"8025-c7\" class=\"d-flex h-flex-basis h-column__inner h-px-lg-2 h-px-md-2 h-px-2 v-inner-lg-2 v-inner-md-2 v-inner-2 style-2184 style-local-8025-c7 position-relative\">\n              <!---->\n              <!---->\n              <div class=\"w-100 h-y-container h-column__content h-column__v-align flex-basis-100 align-self-lg-center align-self-md-center align-self-center\">\n                <!---->\n                <div data-colibri-id=\"8025-c8\" class=\"d-block style-2185 style-local-8025-c8 position-relative h-element\">\n                  <!---->\n                  <div class=\"h-image__frame-container-outer\">\n                    <div class=\"h-image__frame-container\">\n                      <!---->\n                      <!---->\n                      <img loading=\"lazy\" decoding=\"async\" width=\"1200\" height=\"800\" src=\"https:\/\/hotellikaenpesa.fi\/wp-content\/uploads\/2023\/10\/kaenpesa-kokoukset.jpg\" class=\"wp-image-8020 style-2185-image style-local-8025-c8-image\" alt=\"\" srcset=\"https:\/\/hotellikaenpesa.fi\/wp-content\/uploads\/2023\/10\/kaenpesa-kokoukset.jpg 1200w, https:\/\/hotellikaenpesa.fi\/wp-content\/uploads\/2023\/10\/kaenpesa-kokoukset-300x200.jpg 300w, https:\/\/hotellikaenpesa.fi\/wp-content\/uploads\/2023\/10\/kaenpesa-kokoukset-1024x683.jpg 1024w, https:\/\/hotellikaenpesa.fi\/wp-content\/uploads\/2023\/10\/kaenpesa-kokoukset-768x512.jpg 768w\" sizes=\"auto, (max-width: 1200px) 100vw, 1200px\" \/>\n                      <div class=\"h-image__frame h-hide-sm style-2185-frameImage style-local-8025-c8-frameImage\"><\/div>\n                    <\/div>\n                  <\/div>\n                <\/div>\n              <\/div>\n            <\/div>\n          <\/div>\n        <\/div>\n      <\/div>\n    <\/div>\n  <\/div>\n  <div data-colibri-component=\"section\" data-colibri-id=\"8025-c9\" id=\"features\" class=\"h-section h-section-global-spacing d-flex align-items-lg-center align-items-md-center align-items-center style-2186 style-local-8025-c9 position-relative\">\n    <!---->\n    <!---->\n    <div class=\"h-section-grid-container h-section-boxed-container\">\n      <div data-colibri-id=\"8025-c23\" class=\"h-row-container gutters-row-lg-2 gutters-row-md-2 gutters-row-0 gutters-row-v-lg-2 gutters-row-v-md-2 gutters-row-v-2 style-2194 style-local-8025-c23 position-relative\">\n        <!---->\n        <div class=\"h-row justify-content-lg-center justify-content-md-center justify-content-center align-items-lg-stretch align-items-md-stretch align-items-stretch gutters-col-lg-2 gutters-col-md-2 gutters-col-0 gutters-col-v-lg-2 gutters-col-v-md-2 gutters-col-v-2\">\n          <!---->\n          <div class=\"h-column h-column-container d-flex h-col-lg-auto h-col-md-auto h-col-auto style-2195-outer style-local-8025-c24-outer\">\n            <div data-colibri-id=\"8025-c24\" class=\"d-flex h-flex-basis h-column__inner h-px-lg-2 h-px-md-2 h-px-2 v-inner-lg-2 v-inner-md-2 v-inner-2 style-2195 style-local-8025-c24 position-relative\">\n              <!---->\n              <!---->\n              <div class=\"w-100 h-y-container h-column__content h-column__v-align flex-basis-100 align-self-lg-start align-self-md-start align-self-start\">\n                <!---->\n                <div data-colibri-id=\"8025-c25\" class=\"h-global-transition-all h-heading style-2196 style-local-8025-c25 position-relative h-element\">\n                  <!---->\n                  <div class=\"h-heading__outer style-2196 style-local-8025-c25\">\n                    <!---->\n                    <!---->\n                    <h2 class=\"\">Meeting facilities<\/h2>\n                  <\/div>\n                <\/div>\n                <div data-colibri-id=\"8025-c26\" class=\"h-lead h-text h-text-component style-2197 style-local-8025-c26 position-relative h-element\">\n                  <!---->\n                  <!---->\n                  <div class=\"\">\n                    <p>PikkuVELI offers the following meeting spaces equipped with modern meeting tools.<\/p>\n                  <\/div>\n                <\/div>\n              <\/div>\n            <\/div>\n          <\/div>\n        <\/div>\n      <\/div>\n      <div data-colibri-id=\"8025-c10\" class=\"h-row-container gutters-row-lg-2 gutters-row-md-2 gutters-row-2 gutters-row-v-lg-2 gutters-row-v-md-2 gutters-row-v-2 style-2187 style-local-8025-c10 position-relative\">\n        <!---->\n        <div class=\"h-row justify-content-lg-center justify-content-md-center justify-content-center align-items-lg-stretch align-items-md-stretch align-items-stretch gutters-col-lg-2 gutters-col-md-2 gutters-col-2 gutters-col-v-lg-2 gutters-col-v-md-2 gutters-col-v-2\">\n          <!---->\n          <div class=\"h-column h-column-container d-flex h-col-lg-4 h-col-md-6 h-col-12 style-2188-outer style-local-8025-c11-outer\">\n            <div data-colibri-id=\"8025-c11\" class=\"d-flex h-flex-basis h-column__inner h-px-lg-3 h-px-md-3 h-px-2 v-inner-lg-3 v-inner-md-3 v-inner-2 style-2188 style-local-8025-c11 position-relative\">\n              <!---->\n              <!---->\n              <div class=\"w-100 h-y-container h-column__content h-column__v-align flex-basis-100 align-self-lg-start align-self-md-start align-self-start\">\n                <!---->\n                <div data-colibri-id=\"8025-c12\" class=\"d-block style-2198 style-local-8025-c12 position-relative h-element\">\n                  <!---->\n                  <div class=\"h-image__frame-container-outer\">\n                    <div class=\"h-image__frame-container\">\n                      <!---->\n                      <!---->\n                      <img loading=\"lazy\" decoding=\"async\" width=\"1200\" height=\"800\" src=\"https:\/\/hotellikaenpesa.fi\/wp-content\/uploads\/2023\/09\/2.jpg\" class=\"wp-image-7998 style-2198-image style-local-8025-c12-image\" alt=\"\" srcset=\"https:\/\/hotellikaenpesa.fi\/wp-content\/uploads\/2023\/09\/2.jpg 1200w, https:\/\/hotellikaenpesa.fi\/wp-content\/uploads\/2023\/09\/2-300x200.jpg 300w, https:\/\/hotellikaenpesa.fi\/wp-content\/uploads\/2023\/09\/2-1024x683.jpg 1024w, https:\/\/hotellikaenpesa.fi\/wp-content\/uploads\/2023\/09\/2-768x512.jpg 768w\" sizes=\"auto, (max-width: 1200px) 100vw, 1200px\" \/>\n                      <div class=\"h-image__frame h-hide-lg h-hide-md h-hide-sm style-2198-frameImage style-local-8025-c12-frameImage\"><\/div>\n                    <\/div>\n                  <\/div>\n                <\/div>\n                <div data-colibri-id=\"8025-c13\" class=\"h-global-transition-all h-heading style-2190 style-local-8025-c13 position-relative h-element\">\n                  <!---->\n                  <div class=\"h-heading__outer style-2190 style-local-8025-c13\">\n                    <!---->\n                    <!---->\n                    <h4 class=\"\">K\u00c4ENPYRST\u00d6 &#8211; SUITABLE FOR 60 PEOPLE<\/h4>\n                  <\/div>\n                <\/div>\n                <div data-colibri-id=\"8025-c14\" class=\"h-text h-text-component style-2191 style-local-8025-c14 position-relative h-element\">\n                  <!---->\n                  <!---->\n                  <div class=\"\">\n                    <p>K\u00e4enpyrst\u00f6 can be combined with the dining room, creating a shared space for approximately 120 people for any occasion.<\/p>\n                    <p><strong>Equipment:<\/strong><\/p>\n                    <p>\u00b7Wireless internet connection, Projector, Flipchart, Tv\/video<\/p>\n                  <\/div>\n                <\/div>\n              <\/div>\n            <\/div>\n          <\/div>\n          <div class=\"h-column h-column-container d-flex h-col-lg-4 h-col-md-6 h-col-12 style-2188-outer style-local-8025-c15-outer\">\n            <div data-colibri-id=\"8025-c15\" class=\"d-flex h-flex-basis h-column__inner h-px-lg-3 h-px-md-3 h-px-2 v-inner-lg-3 v-inner-md-3 v-inner-2 style-2188 style-local-8025-c15 position-relative\">\n              <!---->\n              <!---->\n              <div class=\"w-100 h-y-container h-column__content h-column__v-align flex-basis-100 align-self-lg-start align-self-md-start align-self-start\">\n                <!---->\n                <div data-colibri-id=\"8025-c16\" class=\"d-block style-2198 style-local-8025-c16 position-relative h-element\">\n                  <!---->\n                  <div class=\"h-image__frame-container-outer\">\n                    <div class=\"h-image__frame-container\">\n                      <!---->\n                      <!---->\n                      <img loading=\"lazy\" decoding=\"async\" width=\"1200\" height=\"800\" src=\"https:\/\/hotellikaenpesa.fi\/wp-content\/uploads\/2023\/10\/kaenpesa-kokoukset.jpg\" class=\"wp-image-8020 style-2198-image style-local-8025-c16-image\" alt=\"\" srcset=\"https:\/\/hotellikaenpesa.fi\/wp-content\/uploads\/2023\/10\/kaenpesa-kokoukset.jpg 1200w, https:\/\/hotellikaenpesa.fi\/wp-content\/uploads\/2023\/10\/kaenpesa-kokoukset-300x200.jpg 300w, https:\/\/hotellikaenpesa.fi\/wp-content\/uploads\/2023\/10\/kaenpesa-kokoukset-1024x683.jpg 1024w, https:\/\/hotellikaenpesa.fi\/wp-content\/uploads\/2023\/10\/kaenpesa-kokoukset-768x512.jpg 768w\" sizes=\"auto, (max-width: 1200px) 100vw, 1200px\" \/>\n                      <div class=\"h-image__frame h-hide-lg h-hide-md h-hide-sm style-2198-frameImage style-local-8025-c16-frameImage\"><\/div>\n                    <\/div>\n                  <\/div>\n                <\/div>\n                <div data-colibri-id=\"8025-c17\" class=\"h-global-transition-all h-heading style-2190 style-local-8025-c17 position-relative h-element\">\n                  <!---->\n                  <div class=\"h-heading__outer style-2190 style-local-8025-c17\">\n                    <!---->\n                    <!---->\n                    <h4 class=\"\">K\u00c4ENKOLO &#8211; SUITABLE FOR 18 PEOPLE<\/h4>\n                  <\/div>\n                <\/div>\n                <div data-colibri-id=\"8025-c18\" class=\"h-text h-text-component style-2191 style-local-8025-c18 position-relative h-element\">\n                  <!---->\n                  <!---->\n                  <div class=\"\">\n                    <p><strong>Equipment:<\/strong><\/p>\n                    <p>\u00b7Wireless internet connection, Projector, Flipchart<span style=\"font-weight: 500;\"><br>PANORAMA<\/span>:\n                      <br>\n                      <a href=\"http:\/\/www.panoraamat.fi\/asiakas\/pikkuveli\/kokous\/kabinetti.html\" target=\"_blank\" rel=\"noopener\">K\u00e4enkolo<\/a>\n                    <\/p>\n                  <\/div>\n                <\/div>\n              <\/div>\n            <\/div>\n          <\/div>\n          <div class=\"h-column h-column-container d-flex h-col-lg-4 h-col-md-6 h-col-12 style-2188-outer style-local-8025-c19-outer\">\n            <div data-colibri-id=\"8025-c19\" class=\"d-flex h-flex-basis h-column__inner h-px-lg-3 h-px-md-3 h-px-2 v-inner-lg-3 v-inner-md-3 v-inner-2 style-2188 style-local-8025-c19 position-relative\">\n              <!---->\n              <!---->\n              <div class=\"w-100 h-y-container h-column__content h-column__v-align flex-basis-100 align-self-lg-start align-self-md-start align-self-start\">\n                <!---->\n                <div data-colibri-id=\"8025-c20\" class=\"d-block style-2198 style-local-8025-c20 position-relative h-element\">\n                  <!---->\n                  <div class=\"h-image__frame-container-outer\">\n                    <div class=\"h-image__frame-container\">\n                      <!---->\n                      <!---->\n                      <img loading=\"lazy\" decoding=\"async\" width=\"1200\" height=\"800\" src=\"https:\/\/hotellikaenpesa.fi\/wp-content\/uploads\/2023\/09\/3.jpg\" class=\"wp-image-7996 style-2198-image style-local-8025-c20-image\" alt=\"\" srcset=\"https:\/\/hotellikaenpesa.fi\/wp-content\/uploads\/2023\/09\/3.jpg 1200w, https:\/\/hotellikaenpesa.fi\/wp-content\/uploads\/2023\/09\/3-300x200.jpg 300w, https:\/\/hotellikaenpesa.fi\/wp-content\/uploads\/2023\/09\/3-1024x683.jpg 1024w, https:\/\/hotellikaenpesa.fi\/wp-content\/uploads\/2023\/09\/3-768x512.jpg 768w\" sizes=\"auto, (max-width: 1200px) 100vw, 1200px\" \/>\n                      <div class=\"h-image__frame h-hide-lg h-hide-md h-hide-sm style-2198-frameImage style-local-8025-c20-frameImage\"><\/div>\n                    <\/div>\n                  <\/div>\n                <\/div>\n                <div data-colibri-id=\"8025-c21\" class=\"h-global-transition-all h-heading style-2190 style-local-8025-c21 position-relative h-element\">\n                  <!---->\n                  <div class=\"h-heading__outer style-2190 style-local-8025-c21\">\n                    <!---->\n                    <!---->\n                    <h4 class=\"\">Fireplace ROOM CABINET &#8211; suitable for 10 people<\/h4>\n                  <\/div>\n                <\/div>\n                <div data-colibri-id=\"8025-c22\" class=\"h-text h-text-component style-2191 style-local-8025-c22 position-relative h-element\">\n                  <!---->\n                  <!---->\n                  <div class=\"\">\n                    <p>A more relaxed meeting space in the fireplace room-cabinet<\/p>\n                    <p><strong>Equipment:<\/strong><\/p>\n                    <p>\u00b7Wireless internet connection, TV, Flipchart available in the room<\/p>\n                  <\/div>\n                <\/div>\n              <\/div>\n            <\/div>\n          <\/div>\n        <\/div>\n      <\/div>\n    <\/div>\n  <\/div>\n<\/div>","protected":false},"excerpt":{"rendered":"<p>Meetings For more information about our meetings, please contact us at ravintola@pikkuveli.fi or call 010-323 3562. In Pikkuveli&#8217;s meeting facilities, you can hold not only meetings but also parties, award ceremonies, fun masquerade statue contests, or staring contests. Whether you are a group of 1 or 150, we have suitable facilities. We arrange for staff [&hellip;]<\/p>\n","protected":false},"author":1,"featured_media":0,"parent":0,"menu_order":0,"comment_status":"closed","ping_status":"closed","template":"page-templates\/full-width-page.php","meta":{"footnotes":""},"class_list":["post-8025","page","type-page","status-publish","hentry"],"yoast_head":"<!-- This site is optimized with the Yoast SEO plugin v27.4 - https:\/\/yoast.com\/product\/yoast-seo-wordpress\/ -->\n<title>Meetings - Hotelli K\u00e4enpes\u00e4<\/title>\n<meta name=\"description\" content=\"Organise your important meetings and conferences in the meeting rooms of Hotel K\u00e4enpes\u00e4. You can rent three different sizes of meeting rooms from us.\" \/>\n<meta name=\"robots\" content=\"index, follow, max-snippet:-1, max-image-preview:large, max-video-preview:-1\" \/>\n<link rel=\"canonical\" href=\"https:\/\/hotellikaenpesa.fi\/en\/meetings\/\" \/>\n<meta property=\"og:locale\" content=\"en_US\" \/>\n<meta property=\"og:type\" content=\"article\" \/>\n<meta property=\"og:title\" content=\"Meetings - Hotelli K\u00e4enpes\u00e4\" \/>\n<meta property=\"og:description\" content=\"Organise your important meetings and conferences in the meeting rooms of Hotel K\u00e4enpes\u00e4. You can rent three different sizes of meeting rooms from us.\" \/>\n<meta property=\"og:url\" content=\"https:\/\/hotellikaenpesa.fi\/en\/meetings\/\" \/>\n<meta property=\"og:site_name\" content=\"Hotelli K\u00e4enpes\u00e4\" \/>\n<meta property=\"article:modified_time\" content=\"2024-02-17T09:48:26+00:00\" \/>\n<meta property=\"og:image\" content=\"https:\/\/hotellikaenpesa.fi\/wp-content\/uploads\/2023\/10\/kaenpesa-kokoukset.jpg\" \/>\n<meta name=\"twitter:card\" content=\"summary_large_image\" \/>\n<meta name=\"twitter:label1\" content=\"Est. reading time\" \/>\n\t<meta name=\"twitter:data1\" content=\"1 minute\" \/>\n<script type=\"application\/ld+json\" class=\"yoast-schema-graph\">{\"@context\":\"https:\\\/\\\/schema.org\",\"@graph\":[{\"@type\":\"WebPage\",\"@id\":\"https:\\\/\\\/hotellikaenpesa.fi\\\/en\\\/meetings\\\/\",\"url\":\"https:\\\/\\\/hotellikaenpesa.fi\\\/en\\\/meetings\\\/\",\"name\":\"Meetings - Hotelli K\u00e4enpes\u00e4\",\"isPartOf\":{\"@id\":\"https:\\\/\\\/hotellikaenpesa.fi\\\/en\\\/#website\"},\"primaryImageOfPage\":{\"@id\":\"https:\\\/\\\/hotellikaenpesa.fi\\\/en\\\/meetings\\\/#primaryimage\"},\"image\":{\"@id\":\"https:\\\/\\\/hotellikaenpesa.fi\\\/en\\\/meetings\\\/#primaryimage\"},\"thumbnailUrl\":\"https:\\\/\\\/hotellikaenpesa.fi\\\/wp-content\\\/uploads\\\/2023\\\/10\\\/kaenpesa-kokoukset.jpg\",\"datePublished\":\"2023-03-14T13:50:28+00:00\",\"dateModified\":\"2024-02-17T09:48:26+00:00\",\"description\":\"Organise your important meetings and conferences in the meeting rooms of Hotel K\u00e4enpes\u00e4. You can rent three different sizes of meeting rooms from us.\",\"breadcrumb\":{\"@id\":\"https:\\\/\\\/hotellikaenpesa.fi\\\/en\\\/meetings\\\/#breadcrumb\"},\"inLanguage\":\"en-US\",\"potentialAction\":[{\"@type\":\"ReadAction\",\"target\":[\"https:\\\/\\\/hotellikaenpesa.fi\\\/en\\\/meetings\\\/\"]}]},{\"@type\":\"ImageObject\",\"inLanguage\":\"en-US\",\"@id\":\"https:\\\/\\\/hotellikaenpesa.fi\\\/en\\\/meetings\\\/#primaryimage\",\"url\":\"https:\\\/\\\/hotellikaenpesa.fi\\\/wp-content\\\/uploads\\\/2023\\\/10\\\/kaenpesa-kokoukset.jpg\",\"contentUrl\":\"https:\\\/\\\/hotellikaenpesa.fi\\\/wp-content\\\/uploads\\\/2023\\\/10\\\/kaenpesa-kokoukset.jpg\"},{\"@type\":\"BreadcrumbList\",\"@id\":\"https:\\\/\\\/hotellikaenpesa.fi\\\/en\\\/meetings\\\/#breadcrumb\",\"itemListElement\":[{\"@type\":\"ListItem\",\"position\":1,\"name\":\"Etusivu\",\"item\":\"https:\\\/\\\/hotellikaenpesa.fi\\\/en\\\/\"},{\"@type\":\"ListItem\",\"position\":2,\"name\":\"Meetings\"}]},{\"@type\":\"WebSite\",\"@id\":\"https:\\\/\\\/hotellikaenpesa.fi\\\/en\\\/#website\",\"url\":\"https:\\\/\\\/hotellikaenpesa.fi\\\/en\\\/\",\"name\":\"Hotelli K\u00e4enpes\u00e4\",\"description\":\"Hotelli K\u00e4enpes\u00e4 on yksityinen perhehotelli Ylivieskassa. Meill\u00e4 voit majoittua, ruokailla tai j\u00e4rjest\u00e4\u00e4 kokouksia!\",\"publisher\":{\"@id\":\"https:\\\/\\\/hotellikaenpesa.fi\\\/en\\\/#organization\"},\"potentialAction\":[{\"@type\":\"SearchAction\",\"target\":{\"@type\":\"EntryPoint\",\"urlTemplate\":\"https:\\\/\\\/hotellikaenpesa.fi\\\/en\\\/?s={search_term_string}\"},\"query-input\":{\"@type\":\"PropertyValueSpecification\",\"valueRequired\":true,\"valueName\":\"search_term_string\"}}],\"inLanguage\":\"en-US\"},{\"@type\":\"Organization\",\"@id\":\"https:\\\/\\\/hotellikaenpesa.fi\\\/en\\\/#organization\",\"name\":\"Hotelli K\u00e4enpes\u00e4\",\"url\":\"https:\\\/\\\/hotellikaenpesa.fi\\\/en\\\/\",\"logo\":{\"@type\":\"ImageObject\",\"inLanguage\":\"en-US\",\"@id\":\"https:\\\/\\\/hotellikaenpesa.fi\\\/en\\\/#\\\/schema\\\/logo\\\/image\\\/\",\"url\":\"https:\\\/\\\/hotellikaenpesa.fi\\\/wp-content\\\/uploads\\\/2023\\\/09\\\/Hotelli-Kaenpesa-Loho-ylivieska.png\",\"contentUrl\":\"https:\\\/\\\/hotellikaenpesa.fi\\\/wp-content\\\/uploads\\\/2023\\\/09\\\/Hotelli-Kaenpesa-Loho-ylivieska.png\",\"width\":1200,\"height\":488,\"caption\":\"Hotelli K\u00e4enpes\u00e4\"},\"image\":{\"@id\":\"https:\\\/\\\/hotellikaenpesa.fi\\\/en\\\/#\\\/schema\\\/logo\\\/image\\\/\"}}]}<\/script>\n<!-- \/ Yoast SEO plugin. -->","yoast_head_json":{"title":"Meetings - Hotelli K\u00e4enpes\u00e4","description":"Organise your important meetings and conferences in the meeting rooms of Hotel K\u00e4enpes\u00e4. You can rent three different sizes of meeting rooms from us.","robots":{"index":"index","follow":"follow","max-snippet":"max-snippet:-1","max-image-preview":"max-image-preview:large","max-video-preview":"max-video-preview:-1"},"canonical":"https:\/\/hotellikaenpesa.fi\/en\/meetings\/","og_locale":"en_US","og_type":"article","og_title":"Meetings - Hotelli K\u00e4enpes\u00e4","og_description":"Organise your important meetings and conferences in the meeting rooms of Hotel K\u00e4enpes\u00e4. You can rent three different sizes of meeting rooms from us.","og_url":"https:\/\/hotellikaenpesa.fi\/en\/meetings\/","og_site_name":"Hotelli K\u00e4enpes\u00e4","article_modified_time":"2024-02-17T09:48:26+00:00","og_image":[{"url":"https:\/\/hotellikaenpesa.fi\/wp-content\/uploads\/2023\/10\/kaenpesa-kokoukset.jpg","type":"","width":"","height":""}],"twitter_card":"summary_large_image","twitter_misc":{"Est. reading time":"1 minute"},"schema":{"@context":"https:\/\/schema.org","@graph":[{"@type":"WebPage","@id":"https:\/\/hotellikaenpesa.fi\/en\/meetings\/","url":"https:\/\/hotellikaenpesa.fi\/en\/meetings\/","name":"Meetings - Hotelli K\u00e4enpes\u00e4","isPartOf":{"@id":"https:\/\/hotellikaenpesa.fi\/en\/#website"},"primaryImageOfPage":{"@id":"https:\/\/hotellikaenpesa.fi\/en\/meetings\/#primaryimage"},"image":{"@id":"https:\/\/hotellikaenpesa.fi\/en\/meetings\/#primaryimage"},"thumbnailUrl":"https:\/\/hotellikaenpesa.fi\/wp-content\/uploads\/2023\/10\/kaenpesa-kokoukset.jpg","datePublished":"2023-03-14T13:50:28+00:00","dateModified":"2024-02-17T09:48:26+00:00","description":"Organise your important meetings and conferences in the meeting rooms of Hotel K\u00e4enpes\u00e4. You can rent three different sizes of meeting rooms from us.","breadcrumb":{"@id":"https:\/\/hotellikaenpesa.fi\/en\/meetings\/#breadcrumb"},"inLanguage":"en-US","potentialAction":[{"@type":"ReadAction","target":["https:\/\/hotellikaenpesa.fi\/en\/meetings\/"]}]},{"@type":"ImageObject","inLanguage":"en-US","@id":"https:\/\/hotellikaenpesa.fi\/en\/meetings\/#primaryimage","url":"https:\/\/hotellikaenpesa.fi\/wp-content\/uploads\/2023\/10\/kaenpesa-kokoukset.jpg","contentUrl":"https:\/\/hotellikaenpesa.fi\/wp-content\/uploads\/2023\/10\/kaenpesa-kokoukset.jpg"},{"@type":"BreadcrumbList","@id":"https:\/\/hotellikaenpesa.fi\/en\/meetings\/#breadcrumb","itemListElement":[{"@type":"ListItem","position":1,"name":"Etusivu","item":"https:\/\/hotellikaenpesa.fi\/en\/"},{"@type":"ListItem","position":2,"name":"Meetings"}]},{"@type":"WebSite","@id":"https:\/\/hotellikaenpesa.fi\/en\/#website","url":"https:\/\/hotellikaenpesa.fi\/en\/","name":"Hotelli K\u00e4enpes\u00e4","description":"Hotelli K\u00e4enpes\u00e4 on yksityinen perhehotelli Ylivieskassa. Meill\u00e4 voit majoittua, ruokailla tai j\u00e4rjest\u00e4\u00e4 kokouksia!","publisher":{"@id":"https:\/\/hotellikaenpesa.fi\/en\/#organization"},"potentialAction":[{"@type":"SearchAction","target":{"@type":"EntryPoint","urlTemplate":"https:\/\/hotellikaenpesa.fi\/en\/?s={search_term_string}"},"query-input":{"@type":"PropertyValueSpecification","valueRequired":true,"valueName":"search_term_string"}}],"inLanguage":"en-US"},{"@type":"Organization","@id":"https:\/\/hotellikaenpesa.fi\/en\/#organization","name":"Hotelli K\u00e4enpes\u00e4","url":"https:\/\/hotellikaenpesa.fi\/en\/","logo":{"@type":"ImageObject","inLanguage":"en-US","@id":"https:\/\/hotellikaenpesa.fi\/en\/#\/schema\/logo\/image\/","url":"https:\/\/hotellikaenpesa.fi\/wp-content\/uploads\/2023\/09\/Hotelli-Kaenpesa-Loho-ylivieska.png","contentUrl":"https:\/\/hotellikaenpesa.fi\/wp-content\/uploads\/2023\/09\/Hotelli-Kaenpesa-Loho-ylivieska.png","width":1200,"height":488,"caption":"Hotelli K\u00e4enpes\u00e4"},"image":{"@id":"https:\/\/hotellikaenpesa.fi\/en\/#\/schema\/logo\/image\/"}}]}},"_links":{"self":[{"href":"https:\/\/hotellikaenpesa.fi\/en\/wp-json\/wp\/v2\/pages\/8025","targetHints":{"allow":["GET"]}}],"collection":[{"href":"https:\/\/hotellikaenpesa.fi\/en\/wp-json\/wp\/v2\/pages"}],"about":[{"href":"https:\/\/hotellikaenpesa.fi\/en\/wp-json\/wp\/v2\/types\/page"}],"author":[{"embeddable":true,"href":"https:\/\/hotellikaenpesa.fi\/en\/wp-json\/wp\/v2\/users\/1"}],"replies":[{"embeddable":true,"href":"https:\/\/hotellikaenpesa.fi\/en\/wp-json\/wp\/v2\/comments?post=8025"}],"version-history":[{"count":4,"href":"https:\/\/hotellikaenpesa.fi\/en\/wp-json\/wp\/v2\/pages\/8025\/revisions"}],"predecessor-version":[{"id":14833,"href":"https:\/\/hotellikaenpesa.fi\/en\/wp-json\/wp\/v2\/pages\/8025\/revisions\/14833"}],"wp:attachment":[{"href":"https:\/\/hotellikaenpesa.fi\/en\/wp-json\/wp\/v2\/media?parent=8025"}],"curies":[{"name":"wp","href":"https:\/\/api.w.org\/{rel}","templated":true}]}}