{"id":8026,"date":"2023-10-02T11:38:00","date_gmt":"2023-10-02T11:38:00","guid":{"rendered":"https:\/\/hotellikaenpesa.fi\/partners\/"},"modified":"2023-10-02T11:38:00","modified_gmt":"2023-10-02T11:38:00","slug":"partners","status":"publish","type":"page","link":"https:\/\/hotellikaenpesa.fi\/en\/partners\/","title":{"rendered":"Partners"},"content":{"rendered":"<div data-colibri-id=\"2256-c1\" class=\"style-1980 style-local-2256-c1 position-relative\">\n  <!----><\/p>\n<div data-colibri-component=\"section\" data-colibri-id=\"2256-c2\" id=\"custom\" class=\"h-section h-section-global-spacing d-flex align-items-lg-center align-items-md-center align-items-center style-1981 style-local-2256-c2 position-relative\">\n    <!----><br \/>\n    <!----><\/p>\n<div class=\"h-section-grid-container h-section-boxed-container\">\n      <!----><\/p>\n<div data-colibri-id=\"2256-c3\" class=\"h-row-container gutters-row-lg-2 gutters-row-md-2 gutters-row-0 gutters-row-v-lg-2 gutters-row-v-md-2 gutters-row-v-2 style-1982 style-local-2256-c3 position-relative\">\n        <!----><\/p>\n<div class=\"h-row justify-content-lg-center justify-content-md-center justify-content-center align-items-lg-stretch align-items-md-stretch align-items-stretch gutters-col-lg-2 gutters-col-md-2 gutters-col-0 gutters-col-v-lg-2 gutters-col-v-md-2 gutters-col-v-2\">\n          <!----><\/p>\n<div class=\"h-column h-column-container d-flex h-col-lg-auto h-col-md-auto h-col-auto style-1983-outer style-local-2256-c4-outer\">\n<div data-colibri-id=\"2256-c4\" class=\"d-flex h-flex-basis h-column__inner h-ui-empty-state-container h-px-lg-2 h-px-md-2 h-px-2 v-inner-lg-2 v-inner-md-2 v-inner-2 style-1983 style-local-2256-c4 position-relative\">\n              <!----><br \/>\n              <!----><\/p>\n<div class=\"w-100 h-y-container h-column__content h-column__v-align flex-basis-100\">\n                <!---->\n              <\/div>\n<\/p><\/div>\n<\/p><\/div>\n<\/p><\/div>\n<\/p><\/div>\n<\/p><\/div>\n<\/p><\/div>\n<div data-colibri-component=\"section\" data-colibri-id=\"2256-c5\" id=\"features\" class=\"h-section h-section-global-spacing d-flex align-items-lg-center align-items-md-center align-items-center style-1984 style-local-2256-c5 position-relative\">\n    <!----><br \/>\n    <!----><\/p>\n<div class=\"h-section-grid-container h-section-boxed-container\">\n<div data-colibri-id=\"2256-c25\" class=\"h-row-container gutters-row-lg-2 gutters-row-md-2 gutters-row-2 gutters-row-v-lg-2 gutters-row-v-md-2 gutters-row-v-2 style-1992 style-local-2256-c25 position-relative\">\n        <!----><\/p>\n<div class=\"h-row justify-content-lg-center justify-content-md-center justify-content-center align-items-lg-stretch align-items-md-stretch align-items-stretch gutters-col-lg-2 gutters-col-md-2 gutters-col-2 gutters-col-v-lg-2 gutters-col-v-md-2 gutters-col-v-2\">\n          <!----><\/p>\n<div class=\"h-column h-column-container d-flex h-col-lg-auto h-col-md-auto h-col-auto style-1993-outer style-local-2256-c26-outer\">\n<div data-colibri-id=\"2256-c26\" class=\"d-flex h-flex-basis h-column__inner h-px-lg-2 h-px-md-2 h-px-2 v-inner-lg-2 v-inner-md-2 v-inner-2 style-1993 style-local-2256-c26 position-relative\">\n              <!----><br \/>\n              <!----><\/p>\n<div class=\"w-100 h-y-container h-column__content h-column__v-align flex-basis-100 align-self-lg-start align-self-md-start align-self-start\">\n                <!----><\/p>\n<div data-colibri-id=\"2256-c27\" class=\"h-global-transition-all h-heading style-1994 style-local-2256-c27 position-relative h-element\">\n                  <!----><\/p>\n<div class=\"h-heading__outer style-1994 style-local-2256-c27\">\n                    <!----><br \/>\n                    <!----><\/p>\n<h2 class=\"\">Partners<\/h2>\n<\/p><\/div>\n<\/p><\/div>\n<div data-colibri-id=\"2256-c28\" class=\"h-lead h-text h-text-component style-1995 style-local-2256-c28 position-relative h-element\">\n                  <!----><br \/>\n                  <!----><\/p>\n<div class=\"\">\n<p>Lorem ipsum dolor sit amet, at mei dolore tritani repudiandae. In his nemore temporibus consequuntur, vim ad prima vivendum consetetur.<\/p>\n<\/p><\/div>\n<\/p><\/div>\n<\/p><\/div>\n<\/p><\/div>\n<\/p><\/div>\n<\/p><\/div>\n<\/p><\/div>\n<div data-colibri-id=\"2256-c6\" class=\"h-row-container gutters-row-lg-2 gutters-row-md-2 gutters-row-2 gutters-row-v-lg-2 gutters-row-v-md-2 gutters-row-v-2 style-1985 style-local-2256-c6 position-relative\">\n        <!----><\/p>\n<div class=\"h-row justify-content-lg-center justify-content-md-center justify-content-center align-items-lg-stretch align-items-md-stretch align-items-stretch gutters-col-lg-2 gutters-col-md-2 gutters-col-2 gutters-col-v-lg-2 gutters-col-v-md-2 gutters-col-v-2\">\n          <!----><\/p>\n<div class=\"h-column h-column-container d-flex h-col-lg-4 h-col-md-6 h-col-12 style-1986-outer style-local-2256-c7-outer\">\n<div data-colibri-id=\"2256-c7\" class=\"d-flex h-flex-basis h-column__inner h-px-lg-0 h-px-md-0 h-px-0 v-inner-lg-0 v-inner-md-0 v-inner-0 style-1986 style-local-2256-c7 position-relative\">\n              <!----><br \/>\n              <!----><\/p>\n<div class=\"w-100 h-y-container h-column__content h-column__v-align flex-basis-100 align-self-lg-start align-self-md-start align-self-start\">\n                <!----><\/p>\n<div data-colibri-id=\"2256-c8\" class=\"d-block style-1987 style-local-2256-c8 position-relative h-element\">\n                  <!----><\/p>\n<div class=\"h-image__frame-container-outer\">\n<div class=\"h-image__frame-container\">\n                      <!----><br \/>\n                      <!----><br \/>\n                      <img loading=\"lazy\" decoding=\"async\" width=\"1200\" height=\"800\" src=\"https:\/\/hotellikaenpesa.fi\/wp-content\/uploads\/2023\/10\/LOPPUTEKSIT-1200-x-800-px.jpg\" class=\"wp-image-2262 style-1987-image style-local-2256-c8-image\" alt=\"\" srcset=\"https:\/\/hotellikaenpesa.fi\/wp-content\/uploads\/2023\/10\/LOPPUTEKSIT-1200-x-800-px.jpg 1200w, https:\/\/hotellikaenpesa.fi\/wp-content\/uploads\/2023\/10\/LOPPUTEKSIT-1200-x-800-px-300x200.jpg 300w, https:\/\/hotellikaenpesa.fi\/wp-content\/uploads\/2023\/10\/LOPPUTEKSIT-1200-x-800-px-1024x683.jpg 1024w, https:\/\/hotellikaenpesa.fi\/wp-content\/uploads\/2023\/10\/LOPPUTEKSIT-1200-x-800-px-768x512.jpg 768w\" sizes=\"auto, (max-width: 1200px) 100vw, 1200px\" \/><\/p>\n<div class=\"h-image__frame h-hide-lg h-hide-md h-hide-sm style-1987-frameImage style-local-2256-c8-frameImage\"><\/div>\n<\/p><\/div>\n<\/p><\/div>\n<\/p><\/div>\n<div data-colibri-id=\"2256-c9\" class=\"h-global-transition-all h-heading style-1988 style-local-2256-c9 position-relative h-element\">\n                  <!----><\/p>\n<div class=\"h-heading__outer style-1988 style-local-2256-c9\">\n                    <!----><br \/>\n                    <!----><\/p>\n<h4 class=\"\">Cultural Centre Acoustics<\/h4>\n<\/p><\/div>\n<\/p><\/div>\n<div data-colibri-id=\"2256-c10\" class=\"h-text h-text-component style-1989 style-local-2256-c10 position-relative h-element\">\n                  <!----><br \/>\n                  <!----><\/p>\n<div class=\"\">\n<p><span style=\"color: rgb(1, 52, 97); font-family: Raleway; font-size: 16px; font-weight: 400;\">Culture Centre Akustiikka is a meeting, congress and cultural centre completed in 2003. Meeting rooms for 5-373 people.<\/span><\/p>\n<p>\n                    <\/p>\n<\/p><\/div>\n<\/p><\/div>\n<div data-colibri-id=\"2256-c11\" class=\"h-x-container style-1990 style-local-2256-c11 position-relative h-element\">\n                  <!----><\/p>\n<div class=\"h-x-container-inner style-dynamic-2256-c11-group style-1990-spacing style-local-2256-c11-spacing\"><span class=\"h-link__outer style-1991-outer style-local-2256-c12-outer d-inline-flex h-element\"><a h-use-smooth-scroll=\"true\" href=\"http:\/\/akustiikka.ylivieska.fi\/\" data-colibri-id=\"2256-c12\" class=\"d-flex w-100 align-items-center h-link style-1991 style-local-2256-c12 position-relative\"><!----><!----> <span>Read more<\/span>                    <span class=\"h-svg-icon h-link__icon style-1991-icon style-local-2256-c12-icon\"><!--Icon by Icons8 Line Awesome (https:\/\/icons8.com\/line-awesome)--><svg version=\"1.1\" xmlns=\"http:\/\/www.w3.org\/2000\/svg\" xmlns:xlink=\"http:\/\/www.w3.org\/1999\/xlink\" id=\"angle-double-right\" viewbox=\"0 0 512 545.5\"><path d=\"M145.5 108.5l168 168L325 288l-11.5 11.5-168 168-22.5-23L279.5 288 123 131.5zm112 0l168 168L437 288l-11.5 11.5-168 168-22.5-23L391.5 288 235 131.5z\"><\/path><\/svg><\/span><\/a><br \/>\n                    <\/span>\n                  <\/div>\n<\/p><\/div>\n<\/p><\/div>\n<\/p><\/div>\n<\/p><\/div>\n<div class=\"h-column h-column-container d-flex h-col-lg-4 h-col-md-6 h-col-12 style-1986-outer style-local-2256-c13-outer\">\n<div data-colibri-id=\"2256-c13\" class=\"d-flex h-flex-basis h-column__inner h-px-lg-0 h-px-md-0 h-px-0 v-inner-lg-0 v-inner-md-0 v-inner-0 style-1986 style-local-2256-c13 position-relative\">\n              <!----><br \/>\n              <!----><\/p>\n<div class=\"w-100 h-y-container h-column__content h-column__v-align flex-basis-100 align-self-lg-start align-self-md-start align-self-start\">\n                <!----><\/p>\n<div data-colibri-id=\"2256-c14\" class=\"d-block style-1987 style-local-2256-c14 position-relative h-element\">\n                  <!----><\/p>\n<div class=\"h-image__frame-container-outer\">\n<div class=\"h-image__frame-container\">\n                      <!----><br \/>\n                      <!----><br \/>\n                      <img loading=\"lazy\" decoding=\"async\" width=\"1200\" height=\"800\" src=\"https:\/\/hotellikaenpesa.fi\/wp-content\/uploads\/2023\/10\/LOPPUTEKSIT-1200-x-800-px-1.jpg\" class=\"wp-image-2263 style-1987-image style-local-2256-c14-image\" alt=\"\" srcset=\"https:\/\/hotellikaenpesa.fi\/wp-content\/uploads\/2023\/10\/LOPPUTEKSIT-1200-x-800-px-1.jpg 1200w, https:\/\/hotellikaenpesa.fi\/wp-content\/uploads\/2023\/10\/LOPPUTEKSIT-1200-x-800-px-1-300x200.jpg 300w, https:\/\/hotellikaenpesa.fi\/wp-content\/uploads\/2023\/10\/LOPPUTEKSIT-1200-x-800-px-1-1024x683.jpg 1024w, https:\/\/hotellikaenpesa.fi\/wp-content\/uploads\/2023\/10\/LOPPUTEKSIT-1200-x-800-px-1-768x512.jpg 768w\" sizes=\"auto, (max-width: 1200px) 100vw, 1200px\" \/><\/p>\n<div class=\"h-image__frame h-hide-lg h-hide-md h-hide-sm style-1987-frameImage style-local-2256-c14-frameImage\"><\/div>\n<\/p><\/div>\n<\/p><\/div>\n<\/p><\/div>\n<div data-colibri-id=\"2256-c15\" class=\"h-global-transition-all h-heading style-1988 style-local-2256-c15 position-relative h-element\">\n                  <!----><\/p>\n<div class=\"h-heading__outer style-1988 style-local-2256-c15\">\n                    <!----><br \/>\n                    <!----><\/p>\n<h4 class=\"\">Sports centre<\/h4>\n<\/p><\/div>\n<\/p><\/div>\n<div data-colibri-id=\"2256-c16\" class=\"h-text h-text-component style-1989 style-local-2256-c16 position-relative h-element\">\n                  <!----><br \/>\n                  <!----><\/p>\n<div class=\"\">\n<p><span style=\"font-weight: 400; font-size: 16px; font-family: Raleway; color: rgb(1, 52, 97);\">The sports centre opposite the hotel features a swimming pool, squash, tennis and bowling alleys, as well as a gym belonging to the Actic chain. The sports halls also include an ice rink and sports fields, as well as a network of floodlit cross-country skiing\/training trails.<\/span><\/p>\n<\/p><\/div>\n<\/p><\/div>\n<div data-colibri-id=\"2256-c17\" class=\"h-x-container style-1990 style-local-2256-c17 position-relative h-element\">\n                  <!----><\/p>\n<div class=\"h-x-container-inner style-dynamic-2256-c17-group style-1990-spacing style-local-2256-c17-spacing\"><span class=\"h-link__outer style-1991-outer style-local-2256-c18-outer d-inline-flex h-element\"><a h-use-smooth-scroll=\"true\" href=\"https:\/\/www.ylivieska.fi\/\" data-colibri-id=\"2256-c18\" class=\"d-flex w-100 align-items-center h-link style-1991 style-local-2256-c18 position-relative\"><!----><!----> <span>Read more<\/span>                    <span class=\"h-svg-icon h-link__icon style-1991-icon style-local-2256-c18-icon\"><!--Icon by Icons8 Line Awesome (https:\/\/icons8.com\/line-awesome)--><svg version=\"1.1\" xmlns=\"http:\/\/www.w3.org\/2000\/svg\" xmlns:xlink=\"http:\/\/www.w3.org\/1999\/xlink\" id=\"angle-double-right\" viewbox=\"0 0 512 545.5\"><path d=\"M145.5 108.5l168 168L325 288l-11.5 11.5-168 168-22.5-23L279.5 288 123 131.5zm112 0l168 168L437 288l-11.5 11.5-168 168-22.5-23L391.5 288 235 131.5z\"><\/path><\/svg><\/span><\/a><br \/>\n                    <\/span>\n                  <\/div>\n<\/p><\/div>\n<\/p><\/div>\n<\/p><\/div>\n<\/p><\/div>\n<div class=\"h-column h-column-container d-flex h-col-lg-4 h-col-md-6 h-col-12 style-1986-outer style-local-2256-c19-outer\">\n<div data-colibri-id=\"2256-c19\" class=\"d-flex h-flex-basis h-column__inner h-px-lg-0 h-px-md-0 h-px-0 v-inner-lg-0 v-inner-md-0 v-inner-0 style-1986 style-local-2256-c19 position-relative\">\n              <!----><br \/>\n              <!----><\/p>\n<div class=\"w-100 h-y-container h-column__content h-column__v-align flex-basis-100 align-self-lg-start align-self-md-start align-self-start\">\n                <!----><\/p>\n<div data-colibri-id=\"2256-c20\" class=\"d-block style-1987 style-local-2256-c20 position-relative h-element\">\n                  <!----><\/p>\n<div class=\"h-image__frame-container-outer\">\n<div class=\"h-image__frame-container\">\n                      <!----><br \/>\n                      <!----><br \/>\n                      <img loading=\"lazy\" decoding=\"async\" width=\"1200\" height=\"800\" src=\"https:\/\/hotellikaenpesa.fi\/wp-content\/uploads\/2023\/10\/LOPPUTEKSIT-1200-x-800-px-2.jpg\" class=\"wp-image-2264 style-1987-image style-local-2256-c20-image\" alt=\"\" srcset=\"https:\/\/hotellikaenpesa.fi\/wp-content\/uploads\/2023\/10\/LOPPUTEKSIT-1200-x-800-px-2.jpg 1200w, https:\/\/hotellikaenpesa.fi\/wp-content\/uploads\/2023\/10\/LOPPUTEKSIT-1200-x-800-px-2-300x200.jpg 300w, https:\/\/hotellikaenpesa.fi\/wp-content\/uploads\/2023\/10\/LOPPUTEKSIT-1200-x-800-px-2-1024x683.jpg 1024w, https:\/\/hotellikaenpesa.fi\/wp-content\/uploads\/2023\/10\/LOPPUTEKSIT-1200-x-800-px-2-768x512.jpg 768w\" sizes=\"auto, (max-width: 1200px) 100vw, 1200px\" \/><\/p>\n<div class=\"h-image__frame h-hide-lg h-hide-md h-hide-sm style-1987-frameImage style-local-2256-c20-frameImage\"><\/div>\n<\/p><\/div>\n<\/p><\/div>\n<\/p><\/div>\n<div data-colibri-id=\"2256-c21\" class=\"h-global-transition-all h-heading style-1988 style-local-2256-c21 position-relative h-element\">\n                  <!----><\/p>\n<div class=\"h-heading__outer style-1988 style-local-2256-c21\">\n                    <!----><br \/>\n                    <!----><\/p>\n<h4 class=\"\">K\u00e4rkk\u00e4inen Shopping Centre<\/h4>\n<\/p><\/div>\n<\/p><\/div>\n<div data-colibri-id=\"2256-c22\" class=\"h-text h-text-component style-1989 style-local-2256-c22 position-relative h-element\">\n                  <!----><br \/>\n                  <!----><\/p>\n<div class=\"\">\n<p><span style=\"color: rgb(1, 52, 97);\">Take a look at the K\u00e4rkk\u00e4inen selection.<\/span><\/p>\n<p>\n                    <\/p>\n<\/p><\/div>\n<\/p><\/div>\n<div data-colibri-id=\"2256-c23\" class=\"h-x-container style-1990 style-local-2256-c23 position-relative h-element\">\n                  <!----><\/p>\n<div class=\"h-x-container-inner style-dynamic-2256-c23-group style-1990-spacing style-local-2256-c23-spacing\"><span class=\"h-link__outer style-1991-outer style-local-2256-c24-outer d-inline-flex h-element\"><a h-use-smooth-scroll=\"true\" href=\"https:\/\/www.karkkainen.com\/verkkokauppa\/\" data-colibri-id=\"2256-c24\" class=\"d-flex w-100 align-items-center h-link style-1991 style-local-2256-c24 position-relative\"><!----><!----> <span>Read more<\/span>                    <span class=\"h-svg-icon h-link__icon style-1991-icon style-local-2256-c24-icon\"><!--Icon by Icons8 Line Awesome (https:\/\/icons8.com\/line-awesome)--><svg version=\"1.1\" xmlns=\"http:\/\/www.w3.org\/2000\/svg\" xmlns:xlink=\"http:\/\/www.w3.org\/1999\/xlink\" id=\"angle-double-right\" viewbox=\"0 0 512 545.5\"><path d=\"M145.5 108.5l168 168L325 288l-11.5 11.5-168 168-22.5-23L279.5 288 123 131.5zm112 0l168 168L437 288l-11.5 11.5-168 168-22.5-23L391.5 288 235 131.5z\"><\/path><\/svg><\/span><\/a><br \/>\n                    <\/span>\n                  <\/div>\n<\/p><\/div>\n<\/p><\/div>\n<\/p><\/div>\n<\/p><\/div>\n<\/p><\/div>\n<\/p><\/div>\n<\/p><\/div>\n<\/p><\/div>\n<\/div>\n","protected":false},"excerpt":{"rendered":"<p>Partners Lorem ipsum dolor sit amet, at mei dolore tritani repudiandae. In his nemore temporibus consequuntur, vim ad prima vivendum consetetur. Cultural Centre Acoustics Culture Centre Akustiikka is a meeting, congress and cultural centre completed in 2003. Meeting rooms for 5-373 people. Read more Sports centre The sports centre opposite the hotel features a swimming [&hellip;]<\/p>\n","protected":false},"author":1,"featured_media":0,"parent":0,"menu_order":0,"comment_status":"closed","ping_status":"closed","template":"page-templates\/full-width-page.php","meta":{"footnotes":""},"class_list":["post-8026","page","type-page","status-publish","hentry"],"yoast_head":"<!-- This site is optimized with the Yoast SEO plugin v27.4 - https:\/\/yoast.com\/product\/yoast-seo-wordpress\/ -->\n<title>Partners - Hotelli K\u00e4enpes\u00e4<\/title>\n<meta name=\"robots\" content=\"index, follow, max-snippet:-1, max-image-preview:large, max-video-preview:-1\" \/>\n<link rel=\"canonical\" href=\"https:\/\/hotellikaenpesa.fi\/en\/partners\/\" \/>\n<meta property=\"og:locale\" content=\"en_US\" \/>\n<meta property=\"og:type\" content=\"article\" \/>\n<meta property=\"og:title\" content=\"Partners - Hotelli K\u00e4enpes\u00e4\" \/>\n<meta property=\"og:description\" content=\"Partners Lorem ipsum dolor sit amet, at mei dolore tritani repudiandae. In his nemore temporibus consequuntur, vim ad prima vivendum consetetur. Cultural Centre Acoustics Culture Centre Akustiikka is a meeting, congress and cultural centre completed in 2003. Meeting rooms for 5-373 people. Read more Sports centre The sports centre opposite the hotel features a swimming [&hellip;]\" \/>\n<meta property=\"og:url\" content=\"https:\/\/hotellikaenpesa.fi\/en\/partners\/\" \/>\n<meta property=\"og:site_name\" content=\"Hotelli K\u00e4enpes\u00e4\" \/>\n<meta property=\"og:image\" content=\"https:\/\/hotellikaenpesa.fi\/wp-content\/uploads\/2023\/10\/LOPPUTEKSIT-1200-x-800-px.jpg\" \/>\n<meta name=\"twitter:card\" content=\"summary_large_image\" \/>\n<meta name=\"twitter:label1\" content=\"Est. reading time\" \/>\n\t<meta name=\"twitter:data1\" content=\"1 minute\" \/>\n<script type=\"application\/ld+json\" class=\"yoast-schema-graph\">{\"@context\":\"https:\\\/\\\/schema.org\",\"@graph\":[{\"@type\":\"WebPage\",\"@id\":\"https:\\\/\\\/hotellikaenpesa.fi\\\/en\\\/partners\\\/\",\"url\":\"https:\\\/\\\/hotellikaenpesa.fi\\\/en\\\/partners\\\/\",\"name\":\"Partners - Hotelli K\u00e4enpes\u00e4\",\"isPartOf\":{\"@id\":\"https:\\\/\\\/hotellikaenpesa.fi\\\/en\\\/#website\"},\"primaryImageOfPage\":{\"@id\":\"https:\\\/\\\/hotellikaenpesa.fi\\\/en\\\/partners\\\/#primaryimage\"},\"image\":{\"@id\":\"https:\\\/\\\/hotellikaenpesa.fi\\\/en\\\/partners\\\/#primaryimage\"},\"thumbnailUrl\":\"https:\\\/\\\/hotellikaenpesa.fi\\\/wp-content\\\/uploads\\\/2023\\\/10\\\/LOPPUTEKSIT-1200-x-800-px.jpg\",\"datePublished\":\"2023-10-02T11:38:00+00:00\",\"breadcrumb\":{\"@id\":\"https:\\\/\\\/hotellikaenpesa.fi\\\/en\\\/partners\\\/#breadcrumb\"},\"inLanguage\":\"en-US\",\"potentialAction\":[{\"@type\":\"ReadAction\",\"target\":[\"https:\\\/\\\/hotellikaenpesa.fi\\\/en\\\/partners\\\/\"]}]},{\"@type\":\"ImageObject\",\"inLanguage\":\"en-US\",\"@id\":\"https:\\\/\\\/hotellikaenpesa.fi\\\/en\\\/partners\\\/#primaryimage\",\"url\":\"https:\\\/\\\/hotellikaenpesa.fi\\\/wp-content\\\/uploads\\\/2023\\\/10\\\/LOPPUTEKSIT-1200-x-800-px.jpg\",\"contentUrl\":\"https:\\\/\\\/hotellikaenpesa.fi\\\/wp-content\\\/uploads\\\/2023\\\/10\\\/LOPPUTEKSIT-1200-x-800-px.jpg\"},{\"@type\":\"BreadcrumbList\",\"@id\":\"https:\\\/\\\/hotellikaenpesa.fi\\\/en\\\/partners\\\/#breadcrumb\",\"itemListElement\":[{\"@type\":\"ListItem\",\"position\":1,\"name\":\"Etusivu\",\"item\":\"https:\\\/\\\/hotellikaenpesa.fi\\\/en\\\/\"},{\"@type\":\"ListItem\",\"position\":2,\"name\":\"Partners\"}]},{\"@type\":\"WebSite\",\"@id\":\"https:\\\/\\\/hotellikaenpesa.fi\\\/en\\\/#website\",\"url\":\"https:\\\/\\\/hotellikaenpesa.fi\\\/en\\\/\",\"name\":\"Hotelli K\u00e4enpes\u00e4\",\"description\":\"Hotelli K\u00e4enpes\u00e4 on yksityinen perhehotelli Ylivieskassa. Meill\u00e4 voit majoittua, ruokailla tai j\u00e4rjest\u00e4\u00e4 kokouksia!\",\"publisher\":{\"@id\":\"https:\\\/\\\/hotellikaenpesa.fi\\\/en\\\/#organization\"},\"potentialAction\":[{\"@type\":\"SearchAction\",\"target\":{\"@type\":\"EntryPoint\",\"urlTemplate\":\"https:\\\/\\\/hotellikaenpesa.fi\\\/en\\\/?s={search_term_string}\"},\"query-input\":{\"@type\":\"PropertyValueSpecification\",\"valueRequired\":true,\"valueName\":\"search_term_string\"}}],\"inLanguage\":\"en-US\"},{\"@type\":\"Organization\",\"@id\":\"https:\\\/\\\/hotellikaenpesa.fi\\\/en\\\/#organization\",\"name\":\"Hotelli K\u00e4enpes\u00e4\",\"url\":\"https:\\\/\\\/hotellikaenpesa.fi\\\/en\\\/\",\"logo\":{\"@type\":\"ImageObject\",\"inLanguage\":\"en-US\",\"@id\":\"https:\\\/\\\/hotellikaenpesa.fi\\\/en\\\/#\\\/schema\\\/logo\\\/image\\\/\",\"url\":\"https:\\\/\\\/hotellikaenpesa.fi\\\/wp-content\\\/uploads\\\/2023\\\/09\\\/Hotelli-Kaenpesa-Loho-ylivieska.png\",\"contentUrl\":\"https:\\\/\\\/hotellikaenpesa.fi\\\/wp-content\\\/uploads\\\/2023\\\/09\\\/Hotelli-Kaenpesa-Loho-ylivieska.png\",\"width\":1200,\"height\":488,\"caption\":\"Hotelli K\u00e4enpes\u00e4\"},\"image\":{\"@id\":\"https:\\\/\\\/hotellikaenpesa.fi\\\/en\\\/#\\\/schema\\\/logo\\\/image\\\/\"}}]}<\/script>\n<!-- \/ Yoast SEO plugin. -->","yoast_head_json":{"title":"Partners - Hotelli K\u00e4enpes\u00e4","robots":{"index":"index","follow":"follow","max-snippet":"max-snippet:-1","max-image-preview":"max-image-preview:large","max-video-preview":"max-video-preview:-1"},"canonical":"https:\/\/hotellikaenpesa.fi\/en\/partners\/","og_locale":"en_US","og_type":"article","og_title":"Partners - Hotelli K\u00e4enpes\u00e4","og_description":"Partners Lorem ipsum dolor sit amet, at mei dolore tritani repudiandae. In his nemore temporibus consequuntur, vim ad prima vivendum consetetur. Cultural Centre Acoustics Culture Centre Akustiikka is a meeting, congress and cultural centre completed in 2003. Meeting rooms for 5-373 people. Read more Sports centre The sports centre opposite the hotel features a swimming [&hellip;]","og_url":"https:\/\/hotellikaenpesa.fi\/en\/partners\/","og_site_name":"Hotelli K\u00e4enpes\u00e4","og_image":[{"url":"https:\/\/hotellikaenpesa.fi\/wp-content\/uploads\/2023\/10\/LOPPUTEKSIT-1200-x-800-px.jpg","type":"","width":"","height":""}],"twitter_card":"summary_large_image","twitter_misc":{"Est. reading time":"1 minute"},"schema":{"@context":"https:\/\/schema.org","@graph":[{"@type":"WebPage","@id":"https:\/\/hotellikaenpesa.fi\/en\/partners\/","url":"https:\/\/hotellikaenpesa.fi\/en\/partners\/","name":"Partners - Hotelli K\u00e4enpes\u00e4","isPartOf":{"@id":"https:\/\/hotellikaenpesa.fi\/en\/#website"},"primaryImageOfPage":{"@id":"https:\/\/hotellikaenpesa.fi\/en\/partners\/#primaryimage"},"image":{"@id":"https:\/\/hotellikaenpesa.fi\/en\/partners\/#primaryimage"},"thumbnailUrl":"https:\/\/hotellikaenpesa.fi\/wp-content\/uploads\/2023\/10\/LOPPUTEKSIT-1200-x-800-px.jpg","datePublished":"2023-10-02T11:38:00+00:00","breadcrumb":{"@id":"https:\/\/hotellikaenpesa.fi\/en\/partners\/#breadcrumb"},"inLanguage":"en-US","potentialAction":[{"@type":"ReadAction","target":["https:\/\/hotellikaenpesa.fi\/en\/partners\/"]}]},{"@type":"ImageObject","inLanguage":"en-US","@id":"https:\/\/hotellikaenpesa.fi\/en\/partners\/#primaryimage","url":"https:\/\/hotellikaenpesa.fi\/wp-content\/uploads\/2023\/10\/LOPPUTEKSIT-1200-x-800-px.jpg","contentUrl":"https:\/\/hotellikaenpesa.fi\/wp-content\/uploads\/2023\/10\/LOPPUTEKSIT-1200-x-800-px.jpg"},{"@type":"BreadcrumbList","@id":"https:\/\/hotellikaenpesa.fi\/en\/partners\/#breadcrumb","itemListElement":[{"@type":"ListItem","position":1,"name":"Etusivu","item":"https:\/\/hotellikaenpesa.fi\/en\/"},{"@type":"ListItem","position":2,"name":"Partners"}]},{"@type":"WebSite","@id":"https:\/\/hotellikaenpesa.fi\/en\/#website","url":"https:\/\/hotellikaenpesa.fi\/en\/","name":"Hotelli K\u00e4enpes\u00e4","description":"Hotelli K\u00e4enpes\u00e4 on yksityinen perhehotelli Ylivieskassa. Meill\u00e4 voit majoittua, ruokailla tai j\u00e4rjest\u00e4\u00e4 kokouksia!","publisher":{"@id":"https:\/\/hotellikaenpesa.fi\/en\/#organization"},"potentialAction":[{"@type":"SearchAction","target":{"@type":"EntryPoint","urlTemplate":"https:\/\/hotellikaenpesa.fi\/en\/?s={search_term_string}"},"query-input":{"@type":"PropertyValueSpecification","valueRequired":true,"valueName":"search_term_string"}}],"inLanguage":"en-US"},{"@type":"Organization","@id":"https:\/\/hotellikaenpesa.fi\/en\/#organization","name":"Hotelli K\u00e4enpes\u00e4","url":"https:\/\/hotellikaenpesa.fi\/en\/","logo":{"@type":"ImageObject","inLanguage":"en-US","@id":"https:\/\/hotellikaenpesa.fi\/en\/#\/schema\/logo\/image\/","url":"https:\/\/hotellikaenpesa.fi\/wp-content\/uploads\/2023\/09\/Hotelli-Kaenpesa-Loho-ylivieska.png","contentUrl":"https:\/\/hotellikaenpesa.fi\/wp-content\/uploads\/2023\/09\/Hotelli-Kaenpesa-Loho-ylivieska.png","width":1200,"height":488,"caption":"Hotelli K\u00e4enpes\u00e4"},"image":{"@id":"https:\/\/hotellikaenpesa.fi\/en\/#\/schema\/logo\/image\/"}}]}},"_links":{"self":[{"href":"https:\/\/hotellikaenpesa.fi\/en\/wp-json\/wp\/v2\/pages\/8026","targetHints":{"allow":["GET"]}}],"collection":[{"href":"https:\/\/hotellikaenpesa.fi\/en\/wp-json\/wp\/v2\/pages"}],"about":[{"href":"https:\/\/hotellikaenpesa.fi\/en\/wp-json\/wp\/v2\/types\/page"}],"author":[{"embeddable":true,"href":"https:\/\/hotellikaenpesa.fi\/en\/wp-json\/wp\/v2\/users\/1"}],"replies":[{"embeddable":true,"href":"https:\/\/hotellikaenpesa.fi\/en\/wp-json\/wp\/v2\/comments?post=8026"}],"version-history":[{"count":0,"href":"https:\/\/hotellikaenpesa.fi\/en\/wp-json\/wp\/v2\/pages\/8026\/revisions"}],"wp:attachment":[{"href":"https:\/\/hotellikaenpesa.fi\/en\/wp-json\/wp\/v2\/media?parent=8026"}],"curies":[{"name":"wp","href":"https:\/\/api.w.org\/{rel}","templated":true}]}}