{"id":8028,"date":"2023-05-16T09:37:54","date_gmt":"2023-05-16T09:37:54","guid":{"rendered":"https:\/\/hotellikaenpesa.fi\/sauna-facilities\/"},"modified":"2024-02-17T09:50:21","modified_gmt":"2024-02-17T09:50:21","slug":"sauna-facilities","status":"publish","type":"page","link":"https:\/\/hotellikaenpesa.fi\/en\/sauna-facilities\/","title":{"rendered":"Sauna facilities"},"content":{"rendered":"<div data-colibri-id=\"8028-c1\" class=\"style-2199 style-local-8028-c1 position-relative\">\n  <!---->\n  <div data-colibri-component=\"section\" data-colibri-id=\"8028-c2\" id=\"about\" class=\"h-section h-section-global-spacing d-flex align-items-lg-center align-items-md-center align-items-center style-2204 style-local-8028-c2 position-relative\">\n    <!---->\n    <!---->\n    <div class=\"h-section-grid-container h-section-boxed-container\">\n      <div data-colibri-id=\"8028-c7\" class=\"h-row-container gutters-row-lg-2 gutters-row-md-2 gutters-row-2 gutters-row-v-lg-2 gutters-row-v-md-2 gutters-row-v-2 style-2209 style-local-8028-c7 position-relative\">\n        <!---->\n        <div class=\"h-row justify-content-lg-center justify-content-md-center justify-content-center align-items-lg-stretch align-items-md-stretch align-items-stretch gutters-col-lg-2 gutters-col-md-2 gutters-col-2 gutters-col-v-lg-2 gutters-col-v-md-2 gutters-col-v-2\">\n          <!---->\n          <div class=\"h-column h-column-container d-flex h-col-lg-auto h-col-md-auto h-col-auto style-2210-outer style-local-8028-c8-outer\">\n            <div data-colibri-id=\"8028-c8\" class=\"d-flex h-flex-basis h-column__inner h-px-lg-2 h-px-md-2 h-px-2 v-inner-lg-2 v-inner-md-2 v-inner-2 style-2210 style-local-8028-c8 position-relative\">\n              <!---->\n              <!---->\n              <div class=\"w-100 h-y-container h-column__content h-column__v-align flex-basis-100 align-self-lg-start align-self-md-start align-self-start\">\n                <!---->\n                <div data-colibri-id=\"8028-c9\" class=\"h-global-transition-all h-heading style-2212 style-local-8028-c9 position-relative h-element\">\n                  <!---->\n                  <div class=\"h-heading__outer style-2212 style-local-8028-c9\">\n                    <!---->\n                    <!---->\n                    <h2 class=\"\">Relaxing Sauna<\/h2>\n                  <\/div>\n                <\/div>\n                <div data-colibri-id=\"8028-c10\" class=\"h-lead h-text h-text-component style-2213 style-local-8028-c10 position-relative h-element\">\n                  <!---->\n                  <!---->\n                  <div class=\"\">\n                    <p>At Hotel K\u00e4enpes\u00e4, you can enjoy a relaxing sauna evening. In the cozy 10-person private sauna, you can indulge in pleasant steam and, at intervals, take a moment to cool off on the private outdoor terrace area. You can continue the\n                      evening in the atmospheric sauna cabinet.<\/p>\n                  <\/div>\n                <\/div>\n                <div data-colibri-id=\"8028-c11\" class=\"h-x-container style-2214 style-local-8028-c11 position-relative h-element\">\n                  <!---->\n                  <div class=\"h-x-container-inner style-dynamic-8028-c11-group style-2214-spacing style-local-8028-c11-spacing\"><span class=\"h-button__outer style-2215-outer style-local-8028-c12-outer d-inline-flex h-element\"><a h-use-smooth-scroll=\"true\" href=\"https:\/\/hotellikaenpesa.fi\/en\/contact\/\"  data-colibri-id=\"8028-c12\" class=\"d-flex w-100 align-items-center h-button justify-content-lg-center justify-content-md-center justify-content-center style-2215 style-local-8028-c12 position-relative\"><!----><!----> <span>Contact<\/span><\/a>\n                    <\/span>\n                  <\/div>\n                <\/div>\n              <\/div>\n            <\/div>\n          <\/div>\n        <\/div>\n      <\/div>\n      <div data-colibri-id=\"8028-c3\" class=\"h-row-container gutters-row-lg-0 gutters-row-md-0 gutters-row-0 gutters-row-v-lg-0 gutters-row-v-md-0 gutters-row-v-0 style-2205 style-local-8028-c3 h-overflow-hidden position-relative\">\n        <!---->\n        <div class=\"h-row justify-content-lg-center justify-content-md-center justify-content-center align-items-lg-end align-items-md-end align-items-end gutters-col-lg-0 gutters-col-md-0 gutters-col-0 gutters-col-v-lg-0 gutters-col-v-md-0 gutters-col-v-0\">\n          <!---->\n          <div class=\"h-column h-column-container d-flex h-col-lg-auto h-col-md-auto h-col-auto align-self-lg-end align-self-md-end align-self-end style-2206-outer style-local-8028-c4-outer\">\n            <div data-colibri-id=\"8028-c4\" class=\"d-flex h-flex-basis h-column__inner h-ui-empty-state-container h-px-lg-0 h-px-md-0 h-px-0 v-inner-lg-0 v-inner-md-0 v-inner-0 style-2206 style-local-8028-c4 position-relative\">\n              <!---->\n              <!---->\n              <div class=\"w-100 h-y-container h-column__content h-column__v-align flex-basis-100\">\n                <!---->\n              <\/div>\n            <\/div>\n          <\/div>\n          <div class=\"h-column h-column-container d-flex h-col-lg-auto h-col-md-auto h-col-auto align-self-lg-end align-self-md-end align-self-end style-2207-outer style-local-8028-c5-outer\">\n            <div data-colibri-id=\"8028-c5\" class=\"d-flex h-flex-basis h-column__inner h-ui-empty-state-container h-px-lg-0 h-px-md-0 h-px-0 v-inner-lg-0 v-inner-md-0 v-inner-0 style-2207 style-local-8028-c5 position-relative\">\n              <!---->\n              <!---->\n              <div class=\"w-100 h-y-container h-column__content h-column__v-align flex-basis-100\">\n                <!---->\n              <\/div>\n            <\/div>\n          <\/div>\n          <div class=\"h-column h-column-container d-flex h-col-lg-auto h-col-md-auto h-col-auto align-self-lg-end align-self-md-end align-self-end style-2208-outer style-local-8028-c6-outer\">\n            <div data-colibri-id=\"8028-c6\" class=\"d-flex h-flex-basis h-column__inner h-ui-empty-state-container h-px-lg-0 h-px-md-0 h-px-0 v-inner-lg-0 v-inner-md-0 v-inner-0 style-2208 style-local-8028-c6 position-relative\">\n              <!---->\n              <!---->\n              <div class=\"w-100 h-y-container h-column__content h-column__v-align flex-basis-100\">\n                <!---->\n              <\/div>\n            <\/div>\n          <\/div>\n        <\/div>\n      <\/div>\n    <\/div>\n  <\/div>\n  <div data-colibri-component=\"section\" data-colibri-id=\"8028-c13\" id=\"features\" class=\"h-section h-section-global-spacing d-flex align-items-lg-center align-items-md-center align-items-center style-2219 style-local-8028-c13 position-relative\">\n    <!---->\n    <!---->\n    <div class=\"h-section-grid-container h-section-boxed-container\">\n      <div data-colibri-id=\"8028-c18\" class=\"h-row-container gutters-row-lg-2 gutters-row-md-2 gutters-row-0 gutters-row-v-lg-2 gutters-row-v-md-2 gutters-row-v-2 style-2239 style-local-8028-c18 position-relative\">\n        <!---->\n        <div class=\"h-row justify-content-lg-center justify-content-md-center justify-content-center align-items-lg-stretch align-items-md-stretch align-items-stretch gutters-col-lg-2 gutters-col-md-2 gutters-col-0 gutters-col-v-lg-2 gutters-col-v-md-2 gutters-col-v-2\">\n          <!---->\n          <div class=\"h-column h-column-container d-flex h-col-lg-auto h-col-md-auto h-col-auto style-2240-outer style-local-8028-c19-outer\">\n            <div data-colibri-id=\"8028-c19\" class=\"d-flex h-flex-basis h-column__inner h-px-lg-2 h-px-md-2 h-px-2 v-inner-lg-2 v-inner-md-2 v-inner-2 style-2240 style-local-8028-c19 position-relative\">\n              <!---->\n              <!---->\n              <div class=\"w-100 h-y-container h-column__content h-column__v-align flex-basis-100 align-self-lg-start align-self-md-start align-self-start\">\n                <!---->\n                <div data-colibri-id=\"8028-c20\" class=\"h-global-transition-all h-heading style-2241 style-local-8028-c20 position-relative h-element\">\n                  <!---->\n                  <div class=\"h-heading__outer style-2241 style-local-8028-c20\">\n                    <!---->\n                    <!---->\n                    <h2 class=\"\">Sauna facilities<\/h2>\n                  <\/div>\n                <\/div>\n                <div data-colibri-id=\"8028-c21\" class=\"h-lead h-text h-text-component style-2242 style-local-8028-c21 position-relative h-element\">\n                  <!---->\n                  <!---->\n                  <div class=\"\">\n                    <p>In the 15-person fireplace sauna, you can enjoy a pleasant evening with a larger group.<\/p>\n                    <p>The fireplace sauna is complimentary for hotel guests<\/p>\n                    <p>Mon\u2013Fri 17\u201321, Sat 18\u201321<\/p>\n                    <p>Note that during peak weekends (holiday season), our saunas may be reserved. For sauna availability during those times, hotel guests can inquire at the reception.<\/p>\n                    <p>The fireplace sauna provides our guests with gentle steam both during the day and evening, even on short notice!<\/p>\n                    <p>Both sauna sections are part of our licensed serving area.<\/p>\n                    <p><strong>You can order food and drinks from our restaurant to the sauna sections.<\/strong><\/p>\n                    <p>After an immersive sauna experience, it&#8217;s nice to continue the evening at Restaurant PikkuVELI or Kukkuu Bar, perhaps singing karaoke.<\/p>\n                    <p>For more information, inquire at the reception!<\/p>\n                  <\/div>\n                <\/div>\n              <\/div>\n            <\/div>\n          <\/div>\n        <\/div>\n      <\/div>\n      <div data-colibri-id=\"8028-c14\" class=\"h-row-container gutters-row-lg-2 gutters-row-md-2 gutters-row-2 gutters-row-v-lg-2 gutters-row-v-md-2 gutters-row-v-2 style-2220 style-local-8028-c14 position-relative\">\n        <!---->\n        <div class=\"h-row justify-content-lg-center justify-content-md-center justify-content-center align-items-lg-stretch align-items-md-stretch align-items-stretch gutters-col-lg-2 gutters-col-md-2 gutters-col-2 gutters-col-v-lg-2 gutters-col-v-md-2 gutters-col-v-2\">\n          <!---->\n          <div class=\"h-column h-column-container d-flex h-col-lg-auto h-col-md-auto h-col-auto style-2221-outer style-local-8028-c15-outer\">\n            <div data-colibri-id=\"8028-c15\" class=\"d-flex h-flex-basis h-column__inner h-px-lg-2 h-px-md-2 h-px-2 v-inner-lg-2 v-inner-md-2 v-inner-2 style-2221 style-local-8028-c15 position-relative\">\n              <!---->\n              <!---->\n              <div class=\"w-100 h-y-container h-column__content h-column__v-align flex-basis-100 align-self-lg-start align-self-md-start align-self-start\">\n                <!---->\n                <div data-colibri-id=\"8028-c16\" class=\"d-block style-2243 style-local-8028-c16 position-relative h-element\">\n                  <!---->\n                  <div class=\"h-image__frame-container-outer\">\n                    <div class=\"h-image__frame-container\">\n                      <!---->\n                      <!---->\n                      <img loading=\"lazy\" decoding=\"async\" width=\"1600\" height=\"1068\" src=\"https:\/\/hotellikaenpesa.fi\/wp-content\/uploads\/2023\/09\/Kaenpesa-nettikoko-027-1.jpg\" class=\"wp-image-7986 style-2243-image style-local-8028-c16-image\" alt=\"\" srcset=\"https:\/\/hotellikaenpesa.fi\/wp-content\/uploads\/2023\/09\/Kaenpesa-nettikoko-027-1.jpg 1600w, https:\/\/hotellikaenpesa.fi\/wp-content\/uploads\/2023\/09\/Kaenpesa-nettikoko-027-1-300x200.jpg 300w, https:\/\/hotellikaenpesa.fi\/wp-content\/uploads\/2023\/09\/Kaenpesa-nettikoko-027-1-1024x684.jpg 1024w, https:\/\/hotellikaenpesa.fi\/wp-content\/uploads\/2023\/09\/Kaenpesa-nettikoko-027-1-768x513.jpg 768w, https:\/\/hotellikaenpesa.fi\/wp-content\/uploads\/2023\/09\/Kaenpesa-nettikoko-027-1-1536x1025.jpg 1536w\" sizes=\"auto, (max-width: 1600px) 100vw, 1600px\" \/>\n                      <div class=\"h-image__frame h-hide-lg h-hide-md h-hide-sm style-2243-frameImage style-local-8028-c16-frameImage\"><\/div>\n                    <\/div>\n                  <\/div>\n                <\/div>\n                <div data-colibri-id=\"8028-c17\" class=\"h-text h-text-component style-2244 style-local-8028-c17 position-relative h-element\">\n                  <!---->\n                  <!---->\n                  <div class=\"\">\n                    <h2>Sauna price list<\/h2>\n                    <p>Max. 10 people \/ 2h: <strong>\u20ac120<\/strong><\/p>\n                    <p>Over 10 people \/ 2h: <strong>\u20ac150<\/strong><\/p>\n                    <p>Larger groups by agreement<\/p>\n                    <p>Sauna prices include sauna usage, towels, and sauna wraps. You can order drinks and food to the sauna sections from Restaurant PikkuVELI.<\/p>\n                    <p>For more information about our saunas and reservations:<\/p>\n                    <p>Hotel K\u00e4enpes\u00e4 Reception, phone:\n                      <a href=\"tel:+3588423611\" style=\"color: rgb(255, 255, 255);\" draggable=\"false\">08-423 611<\/a> or email:\n                      <a href=\"mailto:kaenpesa@hotellikaenpesa.fi.\" style=\"font-weight: 400; color: var(--link);\" draggable=\"false\">kaenpesa@hotellikaenpesa.fi<\/a><span style=\"font-weight: 400; color: var(--link);\">.<\/span><\/p>\n                  <\/div>\n                <\/div>\n              <\/div>\n            <\/div>\n          <\/div>\n        <\/div>\n      <\/div>\n    <\/div>\n  <\/div>\n<\/div>","protected":false},"excerpt":{"rendered":"<p>Relaxing Sauna At Hotel K\u00e4enpes\u00e4, you can enjoy a relaxing sauna evening. In the cozy 10-person private sauna, you can indulge in pleasant steam and, at intervals, take a moment to cool off on the private outdoor terrace area. You can continue the evening in the atmospheric sauna cabinet. Contact Sauna facilities In the 15-person [&hellip;]<\/p>\n","protected":false},"author":1,"featured_media":0,"parent":0,"menu_order":0,"comment_status":"closed","ping_status":"closed","template":"page-templates\/full-width-page.php","meta":{"footnotes":""},"class_list":["post-8028","page","type-page","status-publish","hentry"],"yoast_head":"<!-- This site is optimized with the Yoast SEO plugin v27.4 - https:\/\/yoast.com\/product\/yoast-seo-wordpress\/ -->\n<title>Sauna facilities - Hotelli K\u00e4enpes\u00e4<\/title>\n<meta name=\"description\" content=\"At Hotel K\u00e4enpesi you can rent sauna facilities. In the cosy 10-person sauna, you can enjoy a pleasant sauna.\" \/>\n<meta name=\"robots\" content=\"index, follow, max-snippet:-1, max-image-preview:large, max-video-preview:-1\" \/>\n<link rel=\"canonical\" href=\"https:\/\/hotellikaenpesa.fi\/en\/sauna-facilities\/\" \/>\n<meta property=\"og:locale\" content=\"en_US\" \/>\n<meta property=\"og:type\" content=\"article\" \/>\n<meta property=\"og:title\" content=\"Sauna facilities - Hotelli K\u00e4enpes\u00e4\" \/>\n<meta property=\"og:description\" content=\"At Hotel K\u00e4enpesi you can rent sauna facilities. In the cosy 10-person sauna, you can enjoy a pleasant sauna.\" \/>\n<meta property=\"og:url\" content=\"https:\/\/hotellikaenpesa.fi\/en\/sauna-facilities\/\" \/>\n<meta property=\"og:site_name\" content=\"Hotelli K\u00e4enpes\u00e4\" \/>\n<meta property=\"article:modified_time\" content=\"2024-02-17T09:50:21+00:00\" \/>\n<meta property=\"og:image\" content=\"https:\/\/hotellikaenpesa.fi\/wp-content\/uploads\/2023\/09\/Kaenpesa-nettikoko-027-1.jpg\" \/>\n<meta name=\"twitter:card\" content=\"summary_large_image\" \/>\n<meta name=\"twitter:label1\" content=\"Est. reading time\" \/>\n\t<meta name=\"twitter:data1\" content=\"1 minute\" \/>\n<script type=\"application\/ld+json\" class=\"yoast-schema-graph\">{\"@context\":\"https:\\\/\\\/schema.org\",\"@graph\":[{\"@type\":\"WebPage\",\"@id\":\"https:\\\/\\\/hotellikaenpesa.fi\\\/en\\\/sauna-facilities\\\/\",\"url\":\"https:\\\/\\\/hotellikaenpesa.fi\\\/en\\\/sauna-facilities\\\/\",\"name\":\"Sauna facilities - Hotelli K\u00e4enpes\u00e4\",\"isPartOf\":{\"@id\":\"https:\\\/\\\/hotellikaenpesa.fi\\\/en\\\/#website\"},\"primaryImageOfPage\":{\"@id\":\"https:\\\/\\\/hotellikaenpesa.fi\\\/en\\\/sauna-facilities\\\/#primaryimage\"},\"image\":{\"@id\":\"https:\\\/\\\/hotellikaenpesa.fi\\\/en\\\/sauna-facilities\\\/#primaryimage\"},\"thumbnailUrl\":\"https:\\\/\\\/hotellikaenpesa.fi\\\/wp-content\\\/uploads\\\/2023\\\/09\\\/Kaenpesa-nettikoko-027-1.jpg\",\"datePublished\":\"2023-05-16T09:37:54+00:00\",\"dateModified\":\"2024-02-17T09:50:21+00:00\",\"description\":\"At Hotel K\u00e4enpesi you can rent sauna facilities. In the cosy 10-person sauna, you can enjoy a pleasant sauna.\",\"breadcrumb\":{\"@id\":\"https:\\\/\\\/hotellikaenpesa.fi\\\/en\\\/sauna-facilities\\\/#breadcrumb\"},\"inLanguage\":\"en-US\",\"potentialAction\":[{\"@type\":\"ReadAction\",\"target\":[\"https:\\\/\\\/hotellikaenpesa.fi\\\/en\\\/sauna-facilities\\\/\"]}]},{\"@type\":\"ImageObject\",\"inLanguage\":\"en-US\",\"@id\":\"https:\\\/\\\/hotellikaenpesa.fi\\\/en\\\/sauna-facilities\\\/#primaryimage\",\"url\":\"https:\\\/\\\/hotellikaenpesa.fi\\\/wp-content\\\/uploads\\\/2023\\\/09\\\/Kaenpesa-nettikoko-027-1.jpg\",\"contentUrl\":\"https:\\\/\\\/hotellikaenpesa.fi\\\/wp-content\\\/uploads\\\/2023\\\/09\\\/Kaenpesa-nettikoko-027-1.jpg\"},{\"@type\":\"BreadcrumbList\",\"@id\":\"https:\\\/\\\/hotellikaenpesa.fi\\\/en\\\/sauna-facilities\\\/#breadcrumb\",\"itemListElement\":[{\"@type\":\"ListItem\",\"position\":1,\"name\":\"Etusivu\",\"item\":\"https:\\\/\\\/hotellikaenpesa.fi\\\/en\\\/\"},{\"@type\":\"ListItem\",\"position\":2,\"name\":\"Sauna facilities\"}]},{\"@type\":\"WebSite\",\"@id\":\"https:\\\/\\\/hotellikaenpesa.fi\\\/en\\\/#website\",\"url\":\"https:\\\/\\\/hotellikaenpesa.fi\\\/en\\\/\",\"name\":\"Hotelli K\u00e4enpes\u00e4\",\"description\":\"Hotelli K\u00e4enpes\u00e4 on yksityinen perhehotelli Ylivieskassa. Meill\u00e4 voit majoittua, ruokailla tai j\u00e4rjest\u00e4\u00e4 kokouksia!\",\"publisher\":{\"@id\":\"https:\\\/\\\/hotellikaenpesa.fi\\\/en\\\/#organization\"},\"potentialAction\":[{\"@type\":\"SearchAction\",\"target\":{\"@type\":\"EntryPoint\",\"urlTemplate\":\"https:\\\/\\\/hotellikaenpesa.fi\\\/en\\\/?s={search_term_string}\"},\"query-input\":{\"@type\":\"PropertyValueSpecification\",\"valueRequired\":true,\"valueName\":\"search_term_string\"}}],\"inLanguage\":\"en-US\"},{\"@type\":\"Organization\",\"@id\":\"https:\\\/\\\/hotellikaenpesa.fi\\\/en\\\/#organization\",\"name\":\"Hotelli K\u00e4enpes\u00e4\",\"url\":\"https:\\\/\\\/hotellikaenpesa.fi\\\/en\\\/\",\"logo\":{\"@type\":\"ImageObject\",\"inLanguage\":\"en-US\",\"@id\":\"https:\\\/\\\/hotellikaenpesa.fi\\\/en\\\/#\\\/schema\\\/logo\\\/image\\\/\",\"url\":\"https:\\\/\\\/hotellikaenpesa.fi\\\/wp-content\\\/uploads\\\/2023\\\/09\\\/Hotelli-Kaenpesa-Loho-ylivieska.png\",\"contentUrl\":\"https:\\\/\\\/hotellikaenpesa.fi\\\/wp-content\\\/uploads\\\/2023\\\/09\\\/Hotelli-Kaenpesa-Loho-ylivieska.png\",\"width\":1200,\"height\":488,\"caption\":\"Hotelli K\u00e4enpes\u00e4\"},\"image\":{\"@id\":\"https:\\\/\\\/hotellikaenpesa.fi\\\/en\\\/#\\\/schema\\\/logo\\\/image\\\/\"}}]}<\/script>\n<!-- \/ Yoast SEO plugin. -->","yoast_head_json":{"title":"Sauna facilities - Hotelli K\u00e4enpes\u00e4","description":"At Hotel K\u00e4enpesi you can rent sauna facilities. In the cosy 10-person sauna, you can enjoy a pleasant sauna.","robots":{"index":"index","follow":"follow","max-snippet":"max-snippet:-1","max-image-preview":"max-image-preview:large","max-video-preview":"max-video-preview:-1"},"canonical":"https:\/\/hotellikaenpesa.fi\/en\/sauna-facilities\/","og_locale":"en_US","og_type":"article","og_title":"Sauna facilities - Hotelli K\u00e4enpes\u00e4","og_description":"At Hotel K\u00e4enpesi you can rent sauna facilities. In the cosy 10-person sauna, you can enjoy a pleasant sauna.","og_url":"https:\/\/hotellikaenpesa.fi\/en\/sauna-facilities\/","og_site_name":"Hotelli K\u00e4enpes\u00e4","article_modified_time":"2024-02-17T09:50:21+00:00","og_image":[{"url":"https:\/\/hotellikaenpesa.fi\/wp-content\/uploads\/2023\/09\/Kaenpesa-nettikoko-027-1.jpg","type":"","width":"","height":""}],"twitter_card":"summary_large_image","twitter_misc":{"Est. reading time":"1 minute"},"schema":{"@context":"https:\/\/schema.org","@graph":[{"@type":"WebPage","@id":"https:\/\/hotellikaenpesa.fi\/en\/sauna-facilities\/","url":"https:\/\/hotellikaenpesa.fi\/en\/sauna-facilities\/","name":"Sauna facilities - Hotelli K\u00e4enpes\u00e4","isPartOf":{"@id":"https:\/\/hotellikaenpesa.fi\/en\/#website"},"primaryImageOfPage":{"@id":"https:\/\/hotellikaenpesa.fi\/en\/sauna-facilities\/#primaryimage"},"image":{"@id":"https:\/\/hotellikaenpesa.fi\/en\/sauna-facilities\/#primaryimage"},"thumbnailUrl":"https:\/\/hotellikaenpesa.fi\/wp-content\/uploads\/2023\/09\/Kaenpesa-nettikoko-027-1.jpg","datePublished":"2023-05-16T09:37:54+00:00","dateModified":"2024-02-17T09:50:21+00:00","description":"At Hotel K\u00e4enpesi you can rent sauna facilities. In the cosy 10-person sauna, you can enjoy a pleasant sauna.","breadcrumb":{"@id":"https:\/\/hotellikaenpesa.fi\/en\/sauna-facilities\/#breadcrumb"},"inLanguage":"en-US","potentialAction":[{"@type":"ReadAction","target":["https:\/\/hotellikaenpesa.fi\/en\/sauna-facilities\/"]}]},{"@type":"ImageObject","inLanguage":"en-US","@id":"https:\/\/hotellikaenpesa.fi\/en\/sauna-facilities\/#primaryimage","url":"https:\/\/hotellikaenpesa.fi\/wp-content\/uploads\/2023\/09\/Kaenpesa-nettikoko-027-1.jpg","contentUrl":"https:\/\/hotellikaenpesa.fi\/wp-content\/uploads\/2023\/09\/Kaenpesa-nettikoko-027-1.jpg"},{"@type":"BreadcrumbList","@id":"https:\/\/hotellikaenpesa.fi\/en\/sauna-facilities\/#breadcrumb","itemListElement":[{"@type":"ListItem","position":1,"name":"Etusivu","item":"https:\/\/hotellikaenpesa.fi\/en\/"},{"@type":"ListItem","position":2,"name":"Sauna facilities"}]},{"@type":"WebSite","@id":"https:\/\/hotellikaenpesa.fi\/en\/#website","url":"https:\/\/hotellikaenpesa.fi\/en\/","name":"Hotelli K\u00e4enpes\u00e4","description":"Hotelli K\u00e4enpes\u00e4 on yksityinen perhehotelli Ylivieskassa. Meill\u00e4 voit majoittua, ruokailla tai j\u00e4rjest\u00e4\u00e4 kokouksia!","publisher":{"@id":"https:\/\/hotellikaenpesa.fi\/en\/#organization"},"potentialAction":[{"@type":"SearchAction","target":{"@type":"EntryPoint","urlTemplate":"https:\/\/hotellikaenpesa.fi\/en\/?s={search_term_string}"},"query-input":{"@type":"PropertyValueSpecification","valueRequired":true,"valueName":"search_term_string"}}],"inLanguage":"en-US"},{"@type":"Organization","@id":"https:\/\/hotellikaenpesa.fi\/en\/#organization","name":"Hotelli K\u00e4enpes\u00e4","url":"https:\/\/hotellikaenpesa.fi\/en\/","logo":{"@type":"ImageObject","inLanguage":"en-US","@id":"https:\/\/hotellikaenpesa.fi\/en\/#\/schema\/logo\/image\/","url":"https:\/\/hotellikaenpesa.fi\/wp-content\/uploads\/2023\/09\/Hotelli-Kaenpesa-Loho-ylivieska.png","contentUrl":"https:\/\/hotellikaenpesa.fi\/wp-content\/uploads\/2023\/09\/Hotelli-Kaenpesa-Loho-ylivieska.png","width":1200,"height":488,"caption":"Hotelli K\u00e4enpes\u00e4"},"image":{"@id":"https:\/\/hotellikaenpesa.fi\/en\/#\/schema\/logo\/image\/"}}]}},"_links":{"self":[{"href":"https:\/\/hotellikaenpesa.fi\/en\/wp-json\/wp\/v2\/pages\/8028","targetHints":{"allow":["GET"]}}],"collection":[{"href":"https:\/\/hotellikaenpesa.fi\/en\/wp-json\/wp\/v2\/pages"}],"about":[{"href":"https:\/\/hotellikaenpesa.fi\/en\/wp-json\/wp\/v2\/types\/page"}],"author":[{"embeddable":true,"href":"https:\/\/hotellikaenpesa.fi\/en\/wp-json\/wp\/v2\/users\/1"}],"replies":[{"embeddable":true,"href":"https:\/\/hotellikaenpesa.fi\/en\/wp-json\/wp\/v2\/comments?post=8028"}],"version-history":[{"count":6,"href":"https:\/\/hotellikaenpesa.fi\/en\/wp-json\/wp\/v2\/pages\/8028\/revisions"}],"predecessor-version":[{"id":14842,"href":"https:\/\/hotellikaenpesa.fi\/en\/wp-json\/wp\/v2\/pages\/8028\/revisions\/14842"}],"wp:attachment":[{"href":"https:\/\/hotellikaenpesa.fi\/en\/wp-json\/wp\/v2\/media?parent=8028"}],"curies":[{"name":"wp","href":"https:\/\/api.w.org\/{rel}","templated":true}]}}